{"id":1784,"date":"2025-10-24T09:04:07","date_gmt":"2025-10-24T09:04:07","guid":{"rendered":"https:\/\/aforcam.org\/?page_id=1784"},"modified":"2025-11-18T11:56:19","modified_gmt":"2025-11-18T11:56:19","slug":"evento","status":"publish","type":"page","link":"https:\/\/aforcam.org\/index.php\/evento\/","title":{"rendered":"evento"},"content":{"rendered":"\t\t<div data-elementor-type=\"wp-page\" data-elementor-id=\"1784\" class=\"elementor elementor-1784\" data-elementor-post-type=\"page\">\n\t\t\t\t<div class=\"elementor-element elementor-element-edaabf3 e-con-full e-flex e-con e-parent\" data-id=\"edaabf3\" data-element_type=\"container\" data-e-type=\"container\" data-settings=\"{&quot;background_background&quot;:&quot;classic&quot;}\">\n\t\t\t\t<\/div>\n\t\t<div class=\"elementor-element elementor-element-75fd070 e-flex e-con-boxed e-con e-parent\" data-id=\"75fd070\" data-element_type=\"container\" data-e-type=\"container\">\n\t\t\t\t\t<div class=\"e-con-inner\">\n\t\t<div class=\"elementor-element elementor-element-47bdfbb e-con-full e-flex e-con e-child\" data-id=\"47bdfbb\" data-element_type=\"container\" data-e-type=\"container\">\n\t\t\t\t<div class=\"elementor-element elementor-element-b1b90a3 elementor-widget elementor-widget-google_maps\" data-id=\"b1b90a3\" data-element_type=\"widget\" data-e-type=\"widget\" data-widget_type=\"google_maps.default\">\n\t\t\t\t<div class=\"elementor-widget-container\">\n\t\t\t\t\t\t\t<div class=\"elementor-custom-embed\">\n\t\t\t<iframe loading=\"lazy\"\n\t\t\t\t\tsrc=\"https:\/\/maps.google.com\/maps?q=Hotel%20beatriz%2C%20toledo.%20Espa%C3%B1a&#038;t=m&#038;z=10&#038;output=embed&#038;iwloc=near\"\n\t\t\t\t\ttitle=\"Hotel beatriz, toledo. Espa\u00f1a\"\n\t\t\t\t\taria-label=\"Hotel beatriz, toledo. Espa\u00f1a\"\n\t\t\t><\/iframe>\n\t\t<\/div>\n\t\t\t\t\t\t<\/div>\n\t\t\t\t<\/div>\n\t\t\t\t<\/div>\n\t\t<div class=\"elementor-element elementor-element-8dbc377 e-con-full e-flex e-con e-child\" data-id=\"8dbc377\" data-element_type=\"container\" data-e-type=\"container\">\n\t\t<div class=\"elementor-element elementor-element-bbab9da e-con-full e-flex e-con e-child\" data-id=\"bbab9da\" data-element_type=\"container\" data-e-type=\"container\">\n\t\t\t\t<div class=\"elementor-element elementor-element-dea6dce elementor-widget elementor-widget-heading\" data-id=\"dea6dce\" data-element_type=\"widget\" data-e-type=\"widget\" data-widget_type=\"heading.default\">\n\t\t\t\t<div class=\"elementor-widget-container\">\n\t\t\t\t\t<h2 class=\"elementor-heading-title elementor-size-default\">Registrate aqu\u00ed<\/h2>\t\t\t\t<\/div>\n\t\t\t\t<\/div>\n\t\t\t\t<div class=\"elementor-element elementor-element-9fc2794 elementor-button-align-stretch elementor-widget elementor-widget-form\" data-id=\"9fc2794\" data-element_type=\"widget\" data-e-type=\"widget\" data-settings=\"{&quot;step_next_label&quot;:&quot;Siguiente&quot;,&quot;step_previous_label&quot;:&quot;Anterior&quot;,&quot;button_width&quot;:&quot;100&quot;,&quot;step_type&quot;:&quot;number_text&quot;,&quot;step_icon_shape&quot;:&quot;circle&quot;}\" data-widget_type=\"form.default\">\n\t\t\t\t<div class=\"elementor-widget-container\">\n\t\t\t\t\t\t\t<form class=\"elementor-form\" method=\"post\" name=\"Evento\" aria-label=\"Evento\">\n\t\t\t<input type=\"hidden\" name=\"post_id\" value=\"1784\"\/>\n\t\t\t<input type=\"hidden\" name=\"form_id\" value=\"9fc2794\"\/>\n\t\t\t<input type=\"hidden\" name=\"referer_title\" value=\"AFORCAM\" \/>\n\n\t\t\t\n\t\t\t<div class=\"elementor-form-fields-wrapper elementor-labels-\">\n\t\t\t\t\t\t\t\t<div class=\"elementor-field-type-text elementor-field-group elementor-column elementor-field-group-name elementor-col-100 elementor-field-required\">\n\t\t\t\t\t\t\t\t\t\t\t\t<label for=\"form-field-name\" class=\"elementor-field-label elementor-screen-only\">\n\t\t\t\t\t\t\t\tNombre\t\t\t\t\t\t\t<\/label>\n\t\t\t\t\t\t\t\t\t\t\t\t\t\t<input size=\"1\" type=\"text\" name=\"form_fields[name]\" id=\"form-field-name\" class=\"elementor-field elementor-size-sm  elementor-field-textual\" placeholder=\"Nombre\" required=\"required\">\n\t\t\t\t\t\t\t\t\t\t\t<\/div>\n\t\t\t\t\t\t\t\t<div class=\"elementor-field-type-email elementor-field-group elementor-column elementor-field-group-email elementor-col-100 elementor-field-required\">\n\t\t\t\t\t\t\t\t\t\t\t\t<label for=\"form-field-email\" class=\"elementor-field-label elementor-screen-only\">\n\t\t\t\t\t\t\t\tCorreo electr\u00f3nico\t\t\t\t\t\t\t<\/label>\n\t\t\t\t\t\t\t\t\t\t\t\t\t\t<input size=\"1\" type=\"email\" name=\"form_fields[email]\" id=\"form-field-email\" class=\"elementor-field elementor-size-sm  elementor-field-textual\" placeholder=\"Correo electr\u00f3nico\" required=\"required\">\n\t\t\t\t\t\t\t\t\t\t\t<\/div>\n\t\t\t\t\t\t\t\t<div class=\"elementor-field-type-text elementor-field-group elementor-column elementor-field-group-field_2db83f6 elementor-col-100 elementor-field-required\">\n\t\t\t\t\t\t\t\t\t\t\t\t<label for=\"form-field-field_2db83f6\" class=\"elementor-field-label elementor-screen-only\">\n\t\t\t\t\t\t\t\tTel\u00e9fono\t\t\t\t\t\t\t<\/label>\n\t\t\t\t\t\t\t\t\t\t\t\t\t\t<input size=\"1\" type=\"text\" name=\"form_fields[field_2db83f6]\" id=\"form-field-field_2db83f6\" class=\"elementor-field elementor-size-sm  elementor-field-textual\" placeholder=\"Tel\u00e9fono\" required=\"required\">\n\t\t\t\t\t\t\t\t\t\t\t<\/div>\n\t\t\t\t\t\t\t\t<div class=\"elementor-field-type-text elementor-field-group elementor-column elementor-field-group-field_a2213ae elementor-col-100 elementor-field-required\">\n\t\t\t\t\t\t\t\t\t\t\t\t<label for=\"form-field-field_a2213ae\" class=\"elementor-field-label elementor-screen-only\">\n\t\t\t\t\t\t\t\tEntidad \/ Centro de Formaci\u00f3n\t\t\t\t\t\t\t<\/label>\n\t\t\t\t\t\t\t\t\t\t\t\t\t\t<input size=\"1\" type=\"text\" name=\"form_fields[field_a2213ae]\" id=\"form-field-field_a2213ae\" class=\"elementor-field elementor-size-sm  elementor-field-textual\" placeholder=\"Entidad \/ Centro\" required=\"required\">\n\t\t\t\t\t\t\t\t\t\t\t<\/div>\n\t\t\t\t\t\t\t\t<div class=\"elementor-field-group elementor-column elementor-field-type-submit elementor-col-100 e-form__buttons\">\n\t\t\t\t\t<button class=\"elementor-button elementor-size-sm\" type=\"submit\">\n\t\t\t\t\t\t<span class=\"elementor-button-content-wrapper\">\n\t\t\t\t\t\t\t\t\t\t\t\t\t\t\t\t\t\t\t\t\t\t<span class=\"elementor-button-text\">Enviar<\/span>\n\t\t\t\t\t\t\t\t\t\t\t\t\t<\/span>\n\t\t\t\t\t<\/button>\n\t\t\t\t<\/div>\n\t\t\t<\/div>\n\t\t<\/form>\n\t\t\t\t\t\t<\/div>\n\t\t\t\t<\/div>\n\t\t\t\t<\/div>\n\t\t\t\t<\/div>\n\t\t\t\t\t<\/div>\n\t\t\t\t<\/div>\n\t\t\t\t<\/div>\n\t\t","protected":false},"excerpt":{"rendered":"<p>Registrate aqu\u00ed<\/p>\n","protected":false},"author":1,"featured_media":0,"parent":0,"menu_order":0,"comment_status":"closed","ping_status":"closed","template":"elementor_header_footer","meta":{"footnotes":""},"class_list":["post-1784","page","type-page","status-publish","hentry"],"yoast_head":"<!-- This site is optimized with the Yoast SEO plugin v27.0 - https:\/\/yoast.com\/product\/yoast-seo-wordpress\/ -->\n<title>Pr\u00f3ximo Evento AFORCAM<\/title>\n<meta name=\"description\" content=\"Del Futuro al presente: La formaci\u00f3n que transforma. Hotel Beatriz de Toledo, Martes 25 de Noviembre de 2025. Inscr\u00edbete ya!\" \/>\n<meta name=\"robots\" content=\"index, follow, max-snippet:-1, max-image-preview:large, max-video-preview:-1\" \/>\n<link rel=\"canonical\" href=\"https:\/\/aforcam.org\/index.php\/evento\/\" \/>\n<meta property=\"og:locale\" content=\"es_ES\" \/>\n<meta property=\"og:type\" content=\"article\" \/>\n<meta property=\"og:title\" content=\"Pr\u00f3ximo Evento AFORCAM\" \/>\n<meta property=\"og:description\" content=\"Del Futuro al presente: La formaci\u00f3n que transforma. Hotel Beatriz de Toledo, Martes 25 de Noviembre de 2025. Inscr\u00edbete ya!\" \/>\n<meta property=\"og:url\" content=\"https:\/\/aforcam.org\/index.php\/evento\/\" \/>\n<meta property=\"og:site_name\" content=\"AFORCAM\" \/>\n<meta property=\"article:modified_time\" content=\"2025-11-18T11:56:19+00:00\" \/>\n<meta name=\"twitter:card\" content=\"summary_large_image\" \/>\n<meta name=\"twitter:label1\" content=\"Tiempo de lectura\" \/>\n\t<meta name=\"twitter:data1\" content=\"1 minuto\" \/>\n<script type=\"application\/ld+json\" class=\"yoast-schema-graph\">{\"@context\":\"https:\/\/schema.org\",\"@graph\":[{\"@type\":\"WebPage\",\"@id\":\"https:\/\/aforcam.org\/index.php\/evento\/\",\"url\":\"https:\/\/aforcam.org\/index.php\/evento\/\",\"name\":\"Pr\u00f3ximo Evento AFORCAM\",\"isPartOf\":{\"@id\":\"https:\/\/aforcam.org\/#website\"},\"datePublished\":\"2025-10-24T09:04:07+00:00\",\"dateModified\":\"2025-11-18T11:56:19+00:00\",\"description\":\"Del Futuro al presente: La formaci\u00f3n que transforma. Hotel Beatriz de Toledo, Martes 25 de Noviembre de 2025. Inscr\u00edbete ya!\",\"breadcrumb\":{\"@id\":\"https:\/\/aforcam.org\/index.php\/evento\/#breadcrumb\"},\"inLanguage\":\"es\",\"potentialAction\":[{\"@type\":\"ReadAction\",\"target\":[\"https:\/\/aforcam.org\/index.php\/evento\/\"]}]},{\"@type\":\"BreadcrumbList\",\"@id\":\"https:\/\/aforcam.org\/index.php\/evento\/#breadcrumb\",\"itemListElement\":[{\"@type\":\"ListItem\",\"position\":1,\"name\":\"Portada\",\"item\":\"https:\/\/aforcam.org\/\"},{\"@type\":\"ListItem\",\"position\":2,\"name\":\"evento\"}]},{\"@type\":\"WebSite\",\"@id\":\"https:\/\/aforcam.org\/#website\",\"url\":\"https:\/\/aforcam.org\/\",\"name\":\"AFORCAM\",\"description\":\"Asociaci&oacute;n de Formaci&oacute;n de Castilla La Mancha\",\"publisher\":{\"@id\":\"https:\/\/aforcam.org\/#organization\"},\"potentialAction\":[{\"@type\":\"SearchAction\",\"target\":{\"@type\":\"EntryPoint\",\"urlTemplate\":\"https:\/\/aforcam.org\/?s={search_term_string}\"},\"query-input\":{\"@type\":\"PropertyValueSpecification\",\"valueRequired\":true,\"valueName\":\"search_term_string\"}}],\"inLanguage\":\"es\"},{\"@type\":\"Organization\",\"@id\":\"https:\/\/aforcam.org\/#organization\",\"name\":\"AFORCAM\",\"url\":\"https:\/\/aforcam.org\/\",\"logo\":{\"@type\":\"ImageObject\",\"inLanguage\":\"es\",\"@id\":\"https:\/\/aforcam.org\/#\/schema\/logo\/image\/\",\"url\":\"https:\/\/aforcam.org\/wp-content\/uploads\/2024\/10\/aforcam-1.webp\",\"contentUrl\":\"https:\/\/aforcam.org\/wp-content\/uploads\/2024\/10\/aforcam-1.webp\",\"width\":650,\"height\":486,\"caption\":\"AFORCAM\"},\"image\":{\"@id\":\"https:\/\/aforcam.org\/#\/schema\/logo\/image\/\"},\"sameAs\":[\"https:\/\/www.linkedin.com\/company\/aforcam\/\"]}]}<\/script>\n<!-- \/ Yoast SEO plugin. -->","yoast_head_json":{"title":"Pr\u00f3ximo Evento AFORCAM","description":"Del Futuro al presente: La formaci\u00f3n que transforma. Hotel Beatriz de Toledo, Martes 25 de Noviembre de 2025. Inscr\u00edbete ya!","robots":{"index":"index","follow":"follow","max-snippet":"max-snippet:-1","max-image-preview":"max-image-preview:large","max-video-preview":"max-video-preview:-1"},"canonical":"https:\/\/aforcam.org\/index.php\/evento\/","og_locale":"es_ES","og_type":"article","og_title":"Pr\u00f3ximo Evento AFORCAM","og_description":"Del Futuro al presente: La formaci\u00f3n que transforma. Hotel Beatriz de Toledo, Martes 25 de Noviembre de 2025. Inscr\u00edbete ya!","og_url":"https:\/\/aforcam.org\/index.php\/evento\/","og_site_name":"AFORCAM","article_modified_time":"2025-11-18T11:56:19+00:00","twitter_card":"summary_large_image","twitter_misc":{"Tiempo de lectura":"1 minuto"},"schema":{"@context":"https:\/\/schema.org","@graph":[{"@type":"WebPage","@id":"https:\/\/aforcam.org\/index.php\/evento\/","url":"https:\/\/aforcam.org\/index.php\/evento\/","name":"Pr\u00f3ximo Evento AFORCAM","isPartOf":{"@id":"https:\/\/aforcam.org\/#website"},"datePublished":"2025-10-24T09:04:07+00:00","dateModified":"2025-11-18T11:56:19+00:00","description":"Del Futuro al presente: La formaci\u00f3n que transforma. Hotel Beatriz de Toledo, Martes 25 de Noviembre de 2025. Inscr\u00edbete ya!","breadcrumb":{"@id":"https:\/\/aforcam.org\/index.php\/evento\/#breadcrumb"},"inLanguage":"es","potentialAction":[{"@type":"ReadAction","target":["https:\/\/aforcam.org\/index.php\/evento\/"]}]},{"@type":"BreadcrumbList","@id":"https:\/\/aforcam.org\/index.php\/evento\/#breadcrumb","itemListElement":[{"@type":"ListItem","position":1,"name":"Portada","item":"https:\/\/aforcam.org\/"},{"@type":"ListItem","position":2,"name":"evento"}]},{"@type":"WebSite","@id":"https:\/\/aforcam.org\/#website","url":"https:\/\/aforcam.org\/","name":"AFORCAM","description":"Asociaci&oacute;n de Formaci&oacute;n de Castilla La Mancha","publisher":{"@id":"https:\/\/aforcam.org\/#organization"},"potentialAction":[{"@type":"SearchAction","target":{"@type":"EntryPoint","urlTemplate":"https:\/\/aforcam.org\/?s={search_term_string}"},"query-input":{"@type":"PropertyValueSpecification","valueRequired":true,"valueName":"search_term_string"}}],"inLanguage":"es"},{"@type":"Organization","@id":"https:\/\/aforcam.org\/#organization","name":"AFORCAM","url":"https:\/\/aforcam.org\/","logo":{"@type":"ImageObject","inLanguage":"es","@id":"https:\/\/aforcam.org\/#\/schema\/logo\/image\/","url":"https:\/\/aforcam.org\/wp-content\/uploads\/2024\/10\/aforcam-1.webp","contentUrl":"https:\/\/aforcam.org\/wp-content\/uploads\/2024\/10\/aforcam-1.webp","width":650,"height":486,"caption":"AFORCAM"},"image":{"@id":"https:\/\/aforcam.org\/#\/schema\/logo\/image\/"},"sameAs":["https:\/\/www.linkedin.com\/company\/aforcam\/"]}]}},"_links":{"self":[{"href":"https:\/\/aforcam.org\/index.php\/wp-json\/wp\/v2\/pages\/1784","targetHints":{"allow":["GET"]}}],"collection":[{"href":"https:\/\/aforcam.org\/index.php\/wp-json\/wp\/v2\/pages"}],"about":[{"href":"https:\/\/aforcam.org\/index.php\/wp-json\/wp\/v2\/types\/page"}],"author":[{"embeddable":true,"href":"https:\/\/aforcam.org\/index.php\/wp-json\/wp\/v2\/users\/1"}],"replies":[{"embeddable":true,"href":"https:\/\/aforcam.org\/index.php\/wp-json\/wp\/v2\/comments?post=1784"}],"version-history":[{"count":55,"href":"https:\/\/aforcam.org\/index.php\/wp-json\/wp\/v2\/pages\/1784\/revisions"}],"predecessor-version":[{"id":1876,"href":"https:\/\/aforcam.org\/index.php\/wp-json\/wp\/v2\/pages\/1784\/revisions\/1876"}],"wp:attachment":[{"href":"https:\/\/aforcam.org\/index.php\/wp-json\/wp\/v2\/media?parent=1784"}],"curies":[{"name":"wp","href":"https:\/\/api.w.org\/{rel}","templated":true}]}}