{"id":162,"date":"2025-02-24T12:11:10","date_gmt":"2025-02-24T12:11:10","guid":{"rendered":"https:\/\/aforcam.org\/?page_id=162"},"modified":"2025-07-21T08:55:29","modified_gmt":"2025-07-21T08:55:29","slug":"blog","status":"publish","type":"page","link":"https:\/\/aforcam.org\/index.php\/blog\/","title":{"rendered":"blog"},"content":{"rendered":"\t\t<div data-elementor-type=\"wp-page\" data-elementor-id=\"162\" class=\"elementor elementor-162\" data-elementor-post-type=\"page\">\n\t\t\t\t<div class=\"elementor-element elementor-element-7996876 e-con-full e-flex e-con e-parent\" data-id=\"7996876\" data-element_type=\"container\" data-e-type=\"container\" data-settings=\"{&quot;background_background&quot;:&quot;classic&quot;}\">\n\t\t\t\t<div class=\"elementor-element elementor-element-f0bc7b5 elementor-widget elementor-widget-heading\" data-id=\"f0bc7b5\" data-element_type=\"widget\" data-e-type=\"widget\" data-widget_type=\"heading.default\">\n\t\t\t\t<div class=\"elementor-widget-container\">\n\t\t\t\t\t<h2 class=\"elementor-heading-title elementor-size-default\">blog de noticias<\/h2>\t\t\t\t<\/div>\n\t\t\t\t<\/div>\n\t\t\t\t<\/div>\n\t\t<div class=\"elementor-element elementor-element-c8e8865 e-flex e-con-boxed e-con e-parent\" data-id=\"c8e8865\" data-element_type=\"container\" data-e-type=\"container\">\n\t\t\t\t\t<div class=\"e-con-inner\">\n\t\t\t\t<div class=\"elementor-element elementor-element-4c3c83d elementor-widget elementor-widget-text-editor\" data-id=\"4c3c83d\" data-element_type=\"widget\" data-e-type=\"widget\" data-widget_type=\"text-editor.default\">\n\t\t\t\t<div class=\"elementor-widget-container\">\n\t\t\t\t\t\t\t\t\t<p>\u00a1Explora las \u00faltimas novedades en nuestro blog de noticias! En Aforcam, nos apasiona mantenernos actualizados y compartimos art\u00edculos informativos que te mantendr\u00e1n informado sobre todo lo que necesitas saber. Desde noticias destacadas hasta consejos \u00fatiles, nuestro blog est\u00e1 dise\u00f1ado para inspirarte, formarte y mantenerte conectado con temas que importan. \u00a1No te pierdas ninguna actualizaci\u00f3n y descubre historias que merecen ser compartidas!<\/p>\t\t\t\t\t\t\t\t<\/div>\n\t\t\t\t<\/div>\n\t\t\t\t\t<\/div>\n\t\t\t\t<\/div>\n\t\t<div class=\"elementor-element elementor-element-579404a e-flex e-con-boxed e-con e-parent\" data-id=\"579404a\" data-element_type=\"container\" data-e-type=\"container\">\n\t\t\t\t\t<div class=\"e-con-inner\">\n\t\t<div class=\"elementor-element elementor-element-0668272 e-con-full e-flex e-con e-child\" data-id=\"0668272\" data-element_type=\"container\" data-e-type=\"container\">\n\t\t\t\t<div class=\"elementor-element elementor-element-4c1dcf1 elementor-posts--align-center elementor-grid-3 elementor-grid-tablet-2 elementor-grid-mobile-1 elementor-posts--thumbnail-top elementor-card-shadow-yes elementor-posts__hover-gradient elementor-widget elementor-widget-posts\" data-id=\"4c1dcf1\" data-element_type=\"widget\" data-e-type=\"widget\" data-settings=\"{&quot;pagination_type&quot;:&quot;load_more_infinite_scroll&quot;,&quot;cards_columns&quot;:&quot;3&quot;,&quot;cards_columns_tablet&quot;:&quot;2&quot;,&quot;cards_columns_mobile&quot;:&quot;1&quot;,&quot;cards_row_gap&quot;:{&quot;unit&quot;:&quot;px&quot;,&quot;size&quot;:35,&quot;sizes&quot;:[]},&quot;cards_row_gap_tablet&quot;:{&quot;unit&quot;:&quot;px&quot;,&quot;size&quot;:&quot;&quot;,&quot;sizes&quot;:[]},&quot;cards_row_gap_mobile&quot;:{&quot;unit&quot;:&quot;px&quot;,&quot;size&quot;:&quot;&quot;,&quot;sizes&quot;:[]},&quot;load_more_spinner&quot;:{&quot;value&quot;:&quot;fas fa-spinner&quot;,&quot;library&quot;:&quot;fa-solid&quot;}}\" data-widget_type=\"posts.cards\">\n\t\t\t\t<div class=\"elementor-widget-container\">\n\t\t\t\t\t\t\t<div class=\"elementor-posts-container elementor-posts elementor-posts--skin-cards elementor-grid\" role=\"list\">\n\t\t\t\t<article class=\"elementor-post elementor-grid-item post-1467 post type-post status-publish format-standard has-post-thumbnail hentry category-uncategorized\" role=\"listitem\">\n\t\t\t<div class=\"elementor-post__card\">\n\t\t\t\t<a class=\"elementor-post__thumbnail__link\" href=\"https:\/\/aforcam.org\/index.php\/2025\/05\/06\/avances-colaboracion-administracion-regional\/\" tabindex=\"-1\" ><div class=\"elementor-post__thumbnail\"><img fetchpriority=\"high\" decoding=\"async\" width=\"300\" height=\"225\" src=\"https:\/\/aforcam.org\/wp-content\/uploads\/2025\/05\/aforcam-administracion-regional-300x225.webp\" class=\"attachment-medium size-medium wp-image-1469\" alt=\"\" srcset=\"https:\/\/aforcam.org\/wp-content\/uploads\/2025\/05\/aforcam-administracion-regional-300x225.webp 300w, https:\/\/aforcam.org\/wp-content\/uploads\/2025\/05\/aforcam-administracion-regional-768x576.webp 768w, https:\/\/aforcam.org\/wp-content\/uploads\/2025\/05\/aforcam-administracion-regional.webp 800w\" sizes=\"(max-width: 300px) 100vw, 300px\" \/><\/div><\/a>\n\t\t\t\t<div class=\"elementor-post__text\">\n\t\t\t\t<h2 class=\"elementor-post__title\">\n\t\t\t<a href=\"https:\/\/aforcam.org\/index.php\/2025\/05\/06\/avances-colaboracion-administracion-regional\/\" >\n\t\t\t\tAvances en colaboraci\u00f3n con la Administraci\u00f3n Regional\t\t\t<\/a>\n\t\t<\/h2>\n\t\t\n\t\t<a class=\"elementor-post__read-more\" href=\"https:\/\/aforcam.org\/index.php\/2025\/05\/06\/avances-colaboracion-administracion-regional\/\" aria-label=\"M\u00e1s informaci\u00f3n sobre Avances en colaboraci\u00f3n con la Administraci\u00f3n Regional\" tabindex=\"-1\" >\n\t\t\tLeer m\u00e1s \u00bb\t\t<\/a>\n\n\t\t\t\t<\/div>\n\t\t\t\t\t<\/div>\n\t\t<\/article>\n\t\t\t\t<article class=\"elementor-post elementor-grid-item post-1453 post type-post status-publish format-standard has-post-thumbnail hentry category-uncategorized\" role=\"listitem\">\n\t\t\t<div class=\"elementor-post__card\">\n\t\t\t\t<a class=\"elementor-post__thumbnail__link\" href=\"https:\/\/aforcam.org\/index.php\/2025\/04\/11\/publicados-53-nuevos-certificados-profesionales\/\" tabindex=\"-1\" ><div class=\"elementor-post__thumbnail\"><img decoding=\"async\" width=\"300\" height=\"169\" src=\"https:\/\/aforcam.org\/wp-content\/uploads\/2025\/04\/boe-300x169.png\" class=\"attachment-medium size-medium wp-image-1458\" alt=\"\" srcset=\"https:\/\/aforcam.org\/wp-content\/uploads\/2025\/04\/boe-300x169.png 300w, https:\/\/aforcam.org\/wp-content\/uploads\/2025\/04\/boe-1024x576.png 1024w, https:\/\/aforcam.org\/wp-content\/uploads\/2025\/04\/boe-768x432.png 768w, https:\/\/aforcam.org\/wp-content\/uploads\/2025\/04\/boe.png 1280w\" sizes=\"(max-width: 300px) 100vw, 300px\" \/><\/div><\/a>\n\t\t\t\t<div class=\"elementor-post__text\">\n\t\t\t\t<h2 class=\"elementor-post__title\">\n\t\t\t<a href=\"https:\/\/aforcam.org\/index.php\/2025\/04\/11\/publicados-53-nuevos-certificados-profesionales\/\" >\n\t\t\t\tPUBLICADOS 53 NUEVOS CERTIFICADOS PROFESIONALES\t\t\t<\/a>\n\t\t<\/h2>\n\t\t\n\t\t<a class=\"elementor-post__read-more\" href=\"https:\/\/aforcam.org\/index.php\/2025\/04\/11\/publicados-53-nuevos-certificados-profesionales\/\" aria-label=\"M\u00e1s informaci\u00f3n sobre PUBLICADOS 53 NUEVOS CERTIFICADOS PROFESIONALES\" tabindex=\"-1\" >\n\t\t\tLeer m\u00e1s \u00bb\t\t<\/a>\n\n\t\t\t\t<\/div>\n\t\t\t\t\t<\/div>\n\t\t<\/article>\n\t\t\t\t<article class=\"elementor-post elementor-grid-item post-1162 post type-post status-publish format-standard has-post-thumbnail hentry category-uncategorized\" role=\"listitem\">\n\t\t\t<div class=\"elementor-post__card\">\n\t\t\t\t<a class=\"elementor-post__thumbnail__link\" href=\"https:\/\/aforcam.org\/index.php\/2025\/03\/31\/pildora-tecnica-iva-en-los-costes-de-formacion\/\" tabindex=\"-1\" ><div class=\"elementor-post__thumbnail\"><img decoding=\"async\" width=\"300\" height=\"165\" src=\"https:\/\/aforcam.org\/wp-content\/uploads\/2025\/03\/Pildora-tecnica-IVA-en-los-costes-de-formacion-e1743429630741-300x165.webp\" class=\"attachment-medium size-medium wp-image-1164\" alt=\"\" srcset=\"https:\/\/aforcam.org\/wp-content\/uploads\/2025\/03\/Pildora-tecnica-IVA-en-los-costes-de-formacion-e1743429630741-300x165.webp 300w, https:\/\/aforcam.org\/wp-content\/uploads\/2025\/03\/Pildora-tecnica-IVA-en-los-costes-de-formacion-e1743429630741-1024x563.webp 1024w, https:\/\/aforcam.org\/wp-content\/uploads\/2025\/03\/Pildora-tecnica-IVA-en-los-costes-de-formacion-e1743429630741-768x422.webp 768w, https:\/\/aforcam.org\/wp-content\/uploads\/2025\/03\/Pildora-tecnica-IVA-en-los-costes-de-formacion-e1743429630741-1536x845.webp 1536w, https:\/\/aforcam.org\/wp-content\/uploads\/2025\/03\/Pildora-tecnica-IVA-en-los-costes-de-formacion-e1743429630741.webp 1920w\" sizes=\"(max-width: 300px) 100vw, 300px\" \/><\/div><\/a>\n\t\t\t\t<div class=\"elementor-post__text\">\n\t\t\t\t<h2 class=\"elementor-post__title\">\n\t\t\t<a href=\"https:\/\/aforcam.org\/index.php\/2025\/03\/31\/pildora-tecnica-iva-en-los-costes-de-formacion\/\" >\n\t\t\t\tP\u00edldora t\u00e9cnica. IVA en los costes de formaci\u00f3n\t\t\t<\/a>\n\t\t<\/h2>\n\t\t\n\t\t<a class=\"elementor-post__read-more\" href=\"https:\/\/aforcam.org\/index.php\/2025\/03\/31\/pildora-tecnica-iva-en-los-costes-de-formacion\/\" aria-label=\"M\u00e1s informaci\u00f3n sobre P\u00edldora t\u00e9cnica. IVA en los costes de formaci\u00f3n\" tabindex=\"-1\" >\n\t\t\tLeer m\u00e1s \u00bb\t\t<\/a>\n\n\t\t\t\t<\/div>\n\t\t\t\t\t<\/div>\n\t\t<\/article>\n\t\t\t\t<article class=\"elementor-post elementor-grid-item post-1123 post type-post status-publish format-standard has-post-thumbnail hentry category-uncategorized\" role=\"listitem\">\n\t\t\t<div class=\"elementor-post__card\">\n\t\t\t\t<a class=\"elementor-post__thumbnail__link\" href=\"https:\/\/aforcam.org\/index.php\/2025\/03\/31\/100-casos-practicos-ejemplos-prompts-estrategias-empresarialescasos-practicos-y-ejemplos-de-prompts-para-mejorar-tus-estrategias-empresariales\/\" tabindex=\"-1\" ><div class=\"elementor-post__thumbnail\"><img loading=\"lazy\" decoding=\"async\" width=\"300\" height=\"200\" src=\"https:\/\/aforcam.org\/wp-content\/uploads\/2025\/03\/100-Casos-Practicos-y-Ejemplos-de-Prompts-para-Optimizar-tus-Estrategias-Empresariales-300x200.webp\" class=\"attachment-medium size-medium wp-image-1161\" alt=\"\" srcset=\"https:\/\/aforcam.org\/wp-content\/uploads\/2025\/03\/100-Casos-Practicos-y-Ejemplos-de-Prompts-para-Optimizar-tus-Estrategias-Empresariales-300x200.webp 300w, https:\/\/aforcam.org\/wp-content\/uploads\/2025\/03\/100-Casos-Practicos-y-Ejemplos-de-Prompts-para-Optimizar-tus-Estrategias-Empresariales-1024x682.webp 1024w, https:\/\/aforcam.org\/wp-content\/uploads\/2025\/03\/100-Casos-Practicos-y-Ejemplos-de-Prompts-para-Optimizar-tus-Estrategias-Empresariales-768x512.webp 768w, https:\/\/aforcam.org\/wp-content\/uploads\/2025\/03\/100-Casos-Practicos-y-Ejemplos-de-Prompts-para-Optimizar-tus-Estrategias-Empresariales.webp 1280w\" sizes=\"(max-width: 300px) 100vw, 300px\" \/><\/div><\/a>\n\t\t\t\t<div class=\"elementor-post__text\">\n\t\t\t\t<h2 class=\"elementor-post__title\">\n\t\t\t<a href=\"https:\/\/aforcam.org\/index.php\/2025\/03\/31\/100-casos-practicos-ejemplos-prompts-estrategias-empresarialescasos-practicos-y-ejemplos-de-prompts-para-mejorar-tus-estrategias-empresariales\/\" >\n\t\t\t\t100 Casos Pr\u00e1cticos y Ejemplos de Prompts para Mejorar tus Estrategias Empresariales\t\t\t<\/a>\n\t\t<\/h2>\n\t\t\n\t\t<a class=\"elementor-post__read-more\" href=\"https:\/\/aforcam.org\/index.php\/2025\/03\/31\/100-casos-practicos-ejemplos-prompts-estrategias-empresarialescasos-practicos-y-ejemplos-de-prompts-para-mejorar-tus-estrategias-empresariales\/\" aria-label=\"M\u00e1s informaci\u00f3n sobre 100 Casos Pr\u00e1cticos y Ejemplos de Prompts para Mejorar tus Estrategias Empresariales\" tabindex=\"-1\" >\n\t\t\tLeer m\u00e1s \u00bb\t\t<\/a>\n\n\t\t\t\t<\/div>\n\t\t\t\t\t<\/div>\n\t\t<\/article>\n\t\t\t\t<article class=\"elementor-post elementor-grid-item post-1022 post type-post status-publish format-standard has-post-thumbnail hentry category-uncategorized\" role=\"listitem\">\n\t\t\t<div class=\"elementor-post__card\">\n\t\t\t\t<a class=\"elementor-post__thumbnail__link\" href=\"https:\/\/aforcam.org\/index.php\/2025\/03\/26\/25-motivos-formacion-prl-competencias-normativa-empleo\/\" tabindex=\"-1\" ><div class=\"elementor-post__thumbnail\"><img loading=\"lazy\" decoding=\"async\" width=\"300\" height=\"200\" src=\"https:\/\/aforcam.org\/wp-content\/uploads\/2025\/03\/25-motivos-que-demuestran-como-la-formacion-en-prl-refuerza-las-competencias-profesionales-300x200.webp\" class=\"attachment-medium size-medium wp-image-1028\" alt=\"\" srcset=\"https:\/\/aforcam.org\/wp-content\/uploads\/2025\/03\/25-motivos-que-demuestran-como-la-formacion-en-prl-refuerza-las-competencias-profesionales-300x200.webp 300w, https:\/\/aforcam.org\/wp-content\/uploads\/2025\/03\/25-motivos-que-demuestran-como-la-formacion-en-prl-refuerza-las-competencias-profesionales-1024x683.webp 1024w, https:\/\/aforcam.org\/wp-content\/uploads\/2025\/03\/25-motivos-que-demuestran-como-la-formacion-en-prl-refuerza-las-competencias-profesionales-768x512.webp 768w, https:\/\/aforcam.org\/wp-content\/uploads\/2025\/03\/25-motivos-que-demuestran-como-la-formacion-en-prl-refuerza-las-competencias-profesionales-1536x1024.webp 1536w, https:\/\/aforcam.org\/wp-content\/uploads\/2025\/03\/25-motivos-que-demuestran-como-la-formacion-en-prl-refuerza-las-competencias-profesionales.webp 1920w\" sizes=\"(max-width: 300px) 100vw, 300px\" \/><\/div><\/a>\n\t\t\t\t<div class=\"elementor-post__text\">\n\t\t\t\t<h2 class=\"elementor-post__title\">\n\t\t\t<a href=\"https:\/\/aforcam.org\/index.php\/2025\/03\/26\/25-motivos-formacion-prl-competencias-normativa-empleo\/\" >\n\t\t\t\t25 motivos que demuestran c\u00f3mo la formaci\u00f3n en PRL refuerza las competencias profesionales y encaja en la normativa de formaci\u00f3n para el empleo\t\t\t<\/a>\n\t\t<\/h2>\n\t\t\n\t\t<a class=\"elementor-post__read-more\" href=\"https:\/\/aforcam.org\/index.php\/2025\/03\/26\/25-motivos-formacion-prl-competencias-normativa-empleo\/\" aria-label=\"M\u00e1s informaci\u00f3n sobre 25 motivos que demuestran c\u00f3mo la formaci\u00f3n en PRL refuerza las competencias profesionales y encaja en la normativa de formaci\u00f3n para el empleo\" tabindex=\"-1\" >\n\t\t\tLeer m\u00e1s \u00bb\t\t<\/a>\n\n\t\t\t\t<\/div>\n\t\t\t\t\t<\/div>\n\t\t<\/article>\n\t\t\t\t<article class=\"elementor-post elementor-grid-item post-1003 post type-post status-publish format-standard has-post-thumbnail hentry category-uncategorized\" role=\"listitem\">\n\t\t\t<div class=\"elementor-post__card\">\n\t\t\t\t<a class=\"elementor-post__thumbnail__link\" href=\"https:\/\/aforcam.org\/index.php\/2025\/03\/26\/revision-documentacion-formacion-presencial-teleformacion\/\" tabindex=\"-1\" ><div class=\"elementor-post__thumbnail\"><img loading=\"lazy\" decoding=\"async\" width=\"300\" height=\"200\" src=\"https:\/\/aforcam.org\/wp-content\/uploads\/2025\/03\/revision-de-la-documentacion-en-formacion-300x200.webp\" class=\"attachment-medium size-medium wp-image-1029\" alt=\"\" srcset=\"https:\/\/aforcam.org\/wp-content\/uploads\/2025\/03\/revision-de-la-documentacion-en-formacion-300x200.webp 300w, https:\/\/aforcam.org\/wp-content\/uploads\/2025\/03\/revision-de-la-documentacion-en-formacion-1024x683.webp 1024w, https:\/\/aforcam.org\/wp-content\/uploads\/2025\/03\/revision-de-la-documentacion-en-formacion-768x512.webp 768w, https:\/\/aforcam.org\/wp-content\/uploads\/2025\/03\/revision-de-la-documentacion-en-formacion-1536x1024.webp 1536w, https:\/\/aforcam.org\/wp-content\/uploads\/2025\/03\/revision-de-la-documentacion-en-formacion.webp 1920w\" sizes=\"(max-width: 300px) 100vw, 300px\" \/><\/div><\/a>\n\t\t\t\t<div class=\"elementor-post__text\">\n\t\t\t\t<h2 class=\"elementor-post__title\">\n\t\t\t<a href=\"https:\/\/aforcam.org\/index.php\/2025\/03\/26\/revision-documentacion-formacion-presencial-teleformacion\/\" >\n\t\t\t\tRevisi\u00f3n de la Documentaci\u00f3n en Formaci\u00f3n: Gu\u00eda para Modalidades Presencial y Teleformaci\u00f3n\t\t\t<\/a>\n\t\t<\/h2>\n\t\t\n\t\t<a class=\"elementor-post__read-more\" href=\"https:\/\/aforcam.org\/index.php\/2025\/03\/26\/revision-documentacion-formacion-presencial-teleformacion\/\" aria-label=\"M\u00e1s informaci\u00f3n sobre Revisi\u00f3n de la Documentaci\u00f3n en Formaci\u00f3n: Gu\u00eda para Modalidades Presencial y Teleformaci\u00f3n\" tabindex=\"-1\" >\n\t\t\tLeer m\u00e1s \u00bb\t\t<\/a>\n\n\t\t\t\t<\/div>\n\t\t\t\t\t<\/div>\n\t\t<\/article>\n\t\t\t\t<\/div>\n\t\t\t\t\t<span class=\"e-load-more-spinner\">\n\t\t\t\t<svg aria-hidden=\"true\" class=\"e-font-icon-svg e-fas-spinner\" viewBox=\"0 0 512 512\" xmlns=\"http:\/\/www.w3.org\/2000\/svg\"><path d=\"M304 48c0 26.51-21.49 48-48 48s-48-21.49-48-48 21.49-48 48-48 48 21.49 48 48zm-48 368c-26.51 0-48 21.49-48 48s21.49 48 48 48 48-21.49 48-48-21.49-48-48-48zm208-208c-26.51 0-48 21.49-48 48s21.49 48 48 48 48-21.49 48-48-21.49-48-48-48zM96 256c0-26.51-21.49-48-48-48S0 229.49 0 256s21.49 48 48 48 48-21.49 48-48zm12.922 99.078c-26.51 0-48 21.49-48 48s21.49 48 48 48 48-21.49 48-48c0-26.509-21.491-48-48-48zm294.156 0c-26.51 0-48 21.49-48 48s21.49 48 48 48 48-21.49 48-48c0-26.509-21.49-48-48-48zM108.922 60.922c-26.51 0-48 21.49-48 48s21.49 48 48 48 48-21.49 48-48-21.491-48-48-48z\"><\/path><\/svg>\t\t\t<\/span>\n\t\t\n\t\t\t\t<div class=\"e-load-more-anchor\" data-page=\"1\" data-max-page=\"2\" data-next-page=\"https:\/\/aforcam.org\/index.php\/wp-json\/wp\/v2\/pages\/162\/page\/2\/\"><\/div>\n\t\t\t\t<div class=\"e-load-more-message\"><\/div>\n\t\t\t\t\t\t<\/div>\n\t\t\t\t<\/div>\n\t\t\t\t<\/div>\n\t\t\t\t\t<\/div>\n\t\t\t\t<\/div>\n\t\t\t\t<\/div>\n\t\t","protected":false},"excerpt":{"rendered":"<p>blog de noticias \u00a1Explora las \u00faltimas novedades en nuestro blog de noticias! En Aforcam, nos apasiona mantenernos actualizados y compartimos art\u00edculos informativos que te mantendr\u00e1n<\/p>\n","protected":false},"author":1,"featured_media":0,"parent":0,"menu_order":0,"comment_status":"closed","ping_status":"closed","template":"elementor_header_footer","meta":{"footnotes":""},"class_list":["post-162","page","type-page","status-publish","hentry"],"yoast_head":"<!-- This site is optimized with the Yoast SEO plugin v27.0 - https:\/\/yoast.com\/product\/yoast-seo-wordpress\/ -->\n<title>blog - AFORCAM<\/title>\n<meta name=\"description\" content=\"Descubre el blog de AFORCAM: noticias, recursos y art\u00edculos sobre formaci\u00f3n profesional, empleo, habilidades digitales y oportunidades laborales. \u00a1Inf\u00f3rmate y crece con nosotros!\" \/>\n<meta name=\"robots\" content=\"index, follow, max-snippet:-1, max-image-preview:large, max-video-preview:-1\" \/>\n<link rel=\"canonical\" href=\"https:\/\/aforcam.org\/index.php\/blog\/\" \/>\n<meta property=\"og:locale\" content=\"es_ES\" \/>\n<meta property=\"og:type\" content=\"article\" \/>\n<meta property=\"og:title\" content=\"blog - AFORCAM\" \/>\n<meta property=\"og:description\" content=\"Descubre el blog de AFORCAM: noticias, recursos y art\u00edculos sobre formaci\u00f3n profesional, empleo, habilidades digitales y oportunidades laborales. \u00a1Inf\u00f3rmate y crece con nosotros!\" \/>\n<meta property=\"og:url\" content=\"https:\/\/aforcam.org\/index.php\/blog\/\" \/>\n<meta property=\"og:site_name\" content=\"AFORCAM\" \/>\n<meta property=\"article:modified_time\" content=\"2025-07-21T08:55:29+00:00\" \/>\n<meta name=\"twitter:card\" content=\"summary_large_image\" \/>\n<meta name=\"twitter:label1\" content=\"Tiempo de lectura\" \/>\n\t<meta name=\"twitter:data1\" content=\"1 minuto\" \/>\n<script type=\"application\/ld+json\" class=\"yoast-schema-graph\">{\"@context\":\"https:\/\/schema.org\",\"@graph\":[{\"@type\":\"WebPage\",\"@id\":\"https:\/\/aforcam.org\/index.php\/blog\/\",\"url\":\"https:\/\/aforcam.org\/index.php\/blog\/\",\"name\":\"blog - AFORCAM\",\"isPartOf\":{\"@id\":\"https:\/\/aforcam.org\/#website\"},\"datePublished\":\"2025-02-24T12:11:10+00:00\",\"dateModified\":\"2025-07-21T08:55:29+00:00\",\"description\":\"Descubre el blog de AFORCAM: noticias, recursos y art\u00edculos sobre formaci\u00f3n profesional, empleo, habilidades digitales y oportunidades laborales. \u00a1Inf\u00f3rmate y crece con nosotros!\",\"breadcrumb\":{\"@id\":\"https:\/\/aforcam.org\/index.php\/blog\/#breadcrumb\"},\"inLanguage\":\"es\",\"potentialAction\":[{\"@type\":\"ReadAction\",\"target\":[\"https:\/\/aforcam.org\/index.php\/blog\/\"]}]},{\"@type\":\"BreadcrumbList\",\"@id\":\"https:\/\/aforcam.org\/index.php\/blog\/#breadcrumb\",\"itemListElement\":[{\"@type\":\"ListItem\",\"position\":1,\"name\":\"Portada\",\"item\":\"https:\/\/aforcam.org\/\"},{\"@type\":\"ListItem\",\"position\":2,\"name\":\"blog\"}]},{\"@type\":\"WebSite\",\"@id\":\"https:\/\/aforcam.org\/#website\",\"url\":\"https:\/\/aforcam.org\/\",\"name\":\"AFORCAM\",\"description\":\"Asociaci&oacute;n de Formaci&oacute;n de Castilla La Mancha\",\"publisher\":{\"@id\":\"https:\/\/aforcam.org\/#organization\"},\"potentialAction\":[{\"@type\":\"SearchAction\",\"target\":{\"@type\":\"EntryPoint\",\"urlTemplate\":\"https:\/\/aforcam.org\/?s={search_term_string}\"},\"query-input\":{\"@type\":\"PropertyValueSpecification\",\"valueRequired\":true,\"valueName\":\"search_term_string\"}}],\"inLanguage\":\"es\"},{\"@type\":\"Organization\",\"@id\":\"https:\/\/aforcam.org\/#organization\",\"name\":\"AFORCAM\",\"url\":\"https:\/\/aforcam.org\/\",\"logo\":{\"@type\":\"ImageObject\",\"inLanguage\":\"es\",\"@id\":\"https:\/\/aforcam.org\/#\/schema\/logo\/image\/\",\"url\":\"https:\/\/aforcam.org\/wp-content\/uploads\/2024\/10\/aforcam-1.webp\",\"contentUrl\":\"https:\/\/aforcam.org\/wp-content\/uploads\/2024\/10\/aforcam-1.webp\",\"width\":650,\"height\":486,\"caption\":\"AFORCAM\"},\"image\":{\"@id\":\"https:\/\/aforcam.org\/#\/schema\/logo\/image\/\"},\"sameAs\":[\"https:\/\/www.linkedin.com\/company\/aforcam\/\"]}]}<\/script>\n<!-- \/ Yoast SEO plugin. -->","yoast_head_json":{"title":"blog - AFORCAM","description":"Descubre el blog de AFORCAM: noticias, recursos y art\u00edculos sobre formaci\u00f3n profesional, empleo, habilidades digitales y oportunidades laborales. \u00a1Inf\u00f3rmate y crece con nosotros!","robots":{"index":"index","follow":"follow","max-snippet":"max-snippet:-1","max-image-preview":"max-image-preview:large","max-video-preview":"max-video-preview:-1"},"canonical":"https:\/\/aforcam.org\/index.php\/blog\/","og_locale":"es_ES","og_type":"article","og_title":"blog - AFORCAM","og_description":"Descubre el blog de AFORCAM: noticias, recursos y art\u00edculos sobre formaci\u00f3n profesional, empleo, habilidades digitales y oportunidades laborales. \u00a1Inf\u00f3rmate y crece con nosotros!","og_url":"https:\/\/aforcam.org\/index.php\/blog\/","og_site_name":"AFORCAM","article_modified_time":"2025-07-21T08:55:29+00:00","twitter_card":"summary_large_image","twitter_misc":{"Tiempo de lectura":"1 minuto"},"schema":{"@context":"https:\/\/schema.org","@graph":[{"@type":"WebPage","@id":"https:\/\/aforcam.org\/index.php\/blog\/","url":"https:\/\/aforcam.org\/index.php\/blog\/","name":"blog - AFORCAM","isPartOf":{"@id":"https:\/\/aforcam.org\/#website"},"datePublished":"2025-02-24T12:11:10+00:00","dateModified":"2025-07-21T08:55:29+00:00","description":"Descubre el blog de AFORCAM: noticias, recursos y art\u00edculos sobre formaci\u00f3n profesional, empleo, habilidades digitales y oportunidades laborales. \u00a1Inf\u00f3rmate y crece con nosotros!","breadcrumb":{"@id":"https:\/\/aforcam.org\/index.php\/blog\/#breadcrumb"},"inLanguage":"es","potentialAction":[{"@type":"ReadAction","target":["https:\/\/aforcam.org\/index.php\/blog\/"]}]},{"@type":"BreadcrumbList","@id":"https:\/\/aforcam.org\/index.php\/blog\/#breadcrumb","itemListElement":[{"@type":"ListItem","position":1,"name":"Portada","item":"https:\/\/aforcam.org\/"},{"@type":"ListItem","position":2,"name":"blog"}]},{"@type":"WebSite","@id":"https:\/\/aforcam.org\/#website","url":"https:\/\/aforcam.org\/","name":"AFORCAM","description":"Asociaci&oacute;n de Formaci&oacute;n de Castilla La Mancha","publisher":{"@id":"https:\/\/aforcam.org\/#organization"},"potentialAction":[{"@type":"SearchAction","target":{"@type":"EntryPoint","urlTemplate":"https:\/\/aforcam.org\/?s={search_term_string}"},"query-input":{"@type":"PropertyValueSpecification","valueRequired":true,"valueName":"search_term_string"}}],"inLanguage":"es"},{"@type":"Organization","@id":"https:\/\/aforcam.org\/#organization","name":"AFORCAM","url":"https:\/\/aforcam.org\/","logo":{"@type":"ImageObject","inLanguage":"es","@id":"https:\/\/aforcam.org\/#\/schema\/logo\/image\/","url":"https:\/\/aforcam.org\/wp-content\/uploads\/2024\/10\/aforcam-1.webp","contentUrl":"https:\/\/aforcam.org\/wp-content\/uploads\/2024\/10\/aforcam-1.webp","width":650,"height":486,"caption":"AFORCAM"},"image":{"@id":"https:\/\/aforcam.org\/#\/schema\/logo\/image\/"},"sameAs":["https:\/\/www.linkedin.com\/company\/aforcam\/"]}]}},"_links":{"self":[{"href":"https:\/\/aforcam.org\/index.php\/wp-json\/wp\/v2\/pages\/162","targetHints":{"allow":["GET"]}}],"collection":[{"href":"https:\/\/aforcam.org\/index.php\/wp-json\/wp\/v2\/pages"}],"about":[{"href":"https:\/\/aforcam.org\/index.php\/wp-json\/wp\/v2\/types\/page"}],"author":[{"embeddable":true,"href":"https:\/\/aforcam.org\/index.php\/wp-json\/wp\/v2\/users\/1"}],"replies":[{"embeddable":true,"href":"https:\/\/aforcam.org\/index.php\/wp-json\/wp\/v2\/comments?post=162"}],"version-history":[{"count":29,"href":"https:\/\/aforcam.org\/index.php\/wp-json\/wp\/v2\/pages\/162\/revisions"}],"predecessor-version":[{"id":1748,"href":"https:\/\/aforcam.org\/index.php\/wp-json\/wp\/v2\/pages\/162\/revisions\/1748"}],"wp:attachment":[{"href":"https:\/\/aforcam.org\/index.php\/wp-json\/wp\/v2\/media?parent=162"}],"curies":[{"name":"wp","href":"https:\/\/api.w.org\/{rel}","templated":true}]}}