{"id":1503,"date":"2025-05-12T07:54:37","date_gmt":"2025-05-12T07:54:37","guid":{"rendered":"https:\/\/aforcam.org\/?page_id=1503"},"modified":"2025-11-25T20:25:39","modified_gmt":"2025-11-25T20:25:39","slug":"licitaciones-en-el-ambito-de-la-formacion","status":"publish","type":"page","link":"https:\/\/aforcam.org\/index.php\/licitaciones-en-el-ambito-de-la-formacion\/","title":{"rendered":"Licitaciones en el \u00e1mbito de la formaci\u00f3n"},"content":{"rendered":"\t\t<div data-elementor-type=\"wp-page\" data-elementor-id=\"1503\" class=\"elementor elementor-1503\" data-elementor-post-type=\"page\">\n\t\t\t\t<div class=\"elementor-element elementor-element-d3cd56e e-flex e-con-boxed e-con e-child\" data-id=\"d3cd56e\" data-element_type=\"container\" data-e-type=\"container\" data-settings=\"{&quot;background_background&quot;:&quot;classic&quot;}\">\n\t\t\t\t\t<div class=\"e-con-inner\">\n\t\t<div class=\"elementor-element elementor-element-36604fc e-con-full e-flex e-con e-child\" data-id=\"36604fc\" data-element_type=\"container\" data-e-type=\"container\">\n\t\t<div class=\"elementor-element elementor-element-093dabd e-flex e-con-boxed e-con e-child\" data-id=\"093dabd\" data-element_type=\"container\" data-e-type=\"container\">\n\t\t\t\t\t<div class=\"e-con-inner\">\n\t\t\t\t<div class=\"elementor-element elementor-element-94edcd5 elementor-invisible elementor-widget elementor-widget-heading\" data-id=\"94edcd5\" data-element_type=\"widget\" data-e-type=\"widget\" data-settings=\"{&quot;_animation&quot;:&quot;fadeInUp&quot;}\" data-widget_type=\"heading.default\">\n\t\t\t\t<div class=\"elementor-widget-container\">\n\t\t\t\t\t<h2 class=\"elementor-heading-title elementor-size-default\">curso<\/h2>\t\t\t\t<\/div>\n\t\t\t\t<\/div>\n\t\t\t\t<div class=\"elementor-element elementor-element-61af37f elementor-invisible elementor-widget elementor-widget-heading\" data-id=\"61af37f\" data-element_type=\"widget\" data-e-type=\"widget\" data-settings=\"{&quot;_animation&quot;:&quot;fadeInUp&quot;,&quot;_animation_delay&quot;:200}\" data-widget_type=\"heading.default\">\n\t\t\t\t<div class=\"elementor-widget-container\">\n\t\t\t\t\t<h1 class=\"elementor-heading-title elementor-size-default\">Licitaciones en el \u00e1mbito de la formaci\u00f3n<\/h1>\t\t\t\t<\/div>\n\t\t\t\t<\/div>\n\t\t\t\t\t<\/div>\n\t\t\t\t<\/div>\n\t\t\t\t<\/div>\n\t\t\t\t\t<\/div>\n\t\t\t\t<\/div>\n\t\t<div class=\"elementor-element elementor-element-252e336 e-flex e-con-boxed e-con e-parent\" data-id=\"252e336\" data-element_type=\"container\" data-e-type=\"container\">\n\t\t\t\t\t<div class=\"e-con-inner\">\n\t\t<div class=\"elementor-element elementor-element-146f8d6 e-con-full e-flex e-con e-child\" data-id=\"146f8d6\" data-element_type=\"container\" data-e-type=\"container\" data-settings=\"{&quot;background_background&quot;:&quot;classic&quot;}\">\n\t\t\t\t<\/div>\n\t\t<div class=\"elementor-element elementor-element-7192668 e-con-full e-flex e-con e-child\" data-id=\"7192668\" data-element_type=\"container\" data-e-type=\"container\">\n\t\t\t\t<div class=\"elementor-element elementor-element-8d6aedd elementor-widget elementor-widget-heading\" data-id=\"8d6aedd\" data-element_type=\"widget\" data-e-type=\"widget\" data-widget_type=\"heading.default\">\n\t\t\t\t<div class=\"elementor-widget-container\">\n\t\t\t\t\t<h2 class=\"elementor-heading-title elementor-size-default\">INSCRIPCI\u00d3N<\/h2>\t\t\t\t<\/div>\n\t\t\t\t<\/div>\n\t\t\t\t<div class=\"elementor-element elementor-element-28869fa elementor-widget elementor-widget-text-editor\" data-id=\"28869fa\" data-element_type=\"widget\" data-e-type=\"widget\" data-widget_type=\"text-editor.default\">\n\t\t\t\t<div class=\"elementor-widget-container\">\n\t\t\t\t\t\t\t\t\t<p>Indica tus datos\u00a0 y nos ponemos en contacto contigo para formalizar la inscripci\u00f3n.<\/p>\t\t\t\t\t\t\t\t<\/div>\n\t\t\t\t<\/div>\n\t\t\t\t<div class=\"elementor-element elementor-element-9d814c7 elementor-button-align-stretch elementor-widget elementor-widget-form\" data-id=\"9d814c7\" data-element_type=\"widget\" data-e-type=\"widget\" data-settings=\"{&quot;step_next_label&quot;:&quot;Siguiente&quot;,&quot;step_previous_label&quot;:&quot;Anterior&quot;,&quot;button_width&quot;:&quot;100&quot;,&quot;step_type&quot;:&quot;number_text&quot;,&quot;step_icon_shape&quot;:&quot;circle&quot;}\" data-widget_type=\"form.default\">\n\t\t\t\t<div class=\"elementor-widget-container\">\n\t\t\t\t\t\t\t<form class=\"elementor-form\" method=\"post\" name=\"LICITACIONES EN LA FORMACION\" aria-label=\"LICITACIONES EN LA FORMACION\">\n\t\t\t<input type=\"hidden\" name=\"post_id\" value=\"1503\"\/>\n\t\t\t<input type=\"hidden\" name=\"form_id\" value=\"9d814c7\"\/>\n\t\t\t<input type=\"hidden\" name=\"referer_title\" value=\"Licitaciones en el \u00e1mbito de la formaci\u00f3n | AFORCAM\" \/>\n\n\t\t\t\t\t\t\t<input type=\"hidden\" name=\"queried_id\" value=\"1503\"\/>\n\t\t\t\n\t\t\t<div class=\"elementor-form-fields-wrapper elementor-labels-above\">\n\t\t\t\t\t\t\t\t<div class=\"elementor-field-type-text elementor-field-group elementor-column elementor-field-group-name elementor-col-100 elementor-field-required\">\n\t\t\t\t\t\t\t\t\t\t\t\t<label for=\"form-field-name\" class=\"elementor-field-label\">\n\t\t\t\t\t\t\t\tNombre y Apellidos\t\t\t\t\t\t\t<\/label>\n\t\t\t\t\t\t\t\t\t\t\t\t\t\t<input size=\"1\" type=\"text\" name=\"form_fields[name]\" id=\"form-field-name\" class=\"elementor-field elementor-size-sm  elementor-field-textual\" required=\"required\">\n\t\t\t\t\t\t\t\t\t\t\t<\/div>\n\t\t\t\t\t\t\t\t<div class=\"elementor-field-type-email elementor-field-group elementor-column elementor-field-group-email elementor-col-100 elementor-field-required\">\n\t\t\t\t\t\t\t\t\t\t\t\t<label for=\"form-field-email\" class=\"elementor-field-label\">\n\t\t\t\t\t\t\t\tCorreo electr\u00f3nico\t\t\t\t\t\t\t<\/label>\n\t\t\t\t\t\t\t\t\t\t\t\t\t\t<input size=\"1\" type=\"email\" name=\"form_fields[email]\" id=\"form-field-email\" class=\"elementor-field elementor-size-sm  elementor-field-textual\" required=\"required\">\n\t\t\t\t\t\t\t\t\t\t\t<\/div>\n\t\t\t\t\t\t\t\t<div class=\"elementor-field-type-tel elementor-field-group elementor-column elementor-field-group-field_cf330c8 elementor-col-100\">\n\t\t\t\t\t\t\t\t\t\t\t\t<label for=\"form-field-field_cf330c8\" class=\"elementor-field-label\">\n\t\t\t\t\t\t\t\tTel\u00e9fono\t\t\t\t\t\t\t<\/label>\n\t\t\t\t\t\t\t\t<input size=\"1\" type=\"tel\" name=\"form_fields[field_cf330c8]\" id=\"form-field-field_cf330c8\" class=\"elementor-field elementor-size-sm  elementor-field-textual\" pattern=\"[0-9()#&amp;+*-=.]+\" title=\"Solo se aceptan n\u00fameros y caracteres de tel\u00e9fono (#,-,*,etc).\">\n\n\t\t\t\t\t\t<\/div>\n\t\t\t\t\t\t\t\t<div class=\"elementor-field-type-text elementor-field-group elementor-column elementor-field-group-field_67b99c3 elementor-col-100\">\n\t\t\t\t\t\t\t\t\t\t\t\t<label for=\"form-field-field_67b99c3\" class=\"elementor-field-label\">\n\t\t\t\t\t\t\t\tEntidad\t\t\t\t\t\t\t<\/label>\n\t\t\t\t\t\t\t\t\t\t\t\t\t\t<input size=\"1\" type=\"text\" name=\"form_fields[field_67b99c3]\" id=\"form-field-field_67b99c3\" class=\"elementor-field elementor-size-sm  elementor-field-textual\">\n\t\t\t\t\t\t\t\t\t\t\t<\/div>\n\t\t\t\t\t\t\t\t<div class=\"elementor-field-type-select elementor-field-group elementor-column elementor-field-group-field_cfd96f8 elementor-col-100 elementor-field-required\">\n\t\t\t\t\t\t\t\t\t\t\t\t<label for=\"form-field-field_cfd96f8\" class=\"elementor-field-label\">\n\t\t\t\t\t\t\t\tAfiliado\t\t\t\t\t\t\t<\/label>\n\t\t\t\t\t\t\t\t<div class=\"elementor-field elementor-select-wrapper remove-before \">\n\t\t\t<div class=\"select-caret-down-wrapper\">\n\t\t\t\t<svg aria-hidden=\"true\" class=\"e-font-icon-svg e-eicon-caret-down\" viewBox=\"0 0 571.4 571.4\" xmlns=\"http:\/\/www.w3.org\/2000\/svg\"><path d=\"M571 393Q571 407 561 418L311 668Q300 679 286 679T261 668L11 418Q0 407 0 393T11 368 36 357H536Q550 357 561 368T571 393Z\"><\/path><\/svg>\t\t\t<\/div>\n\t\t\t<select name=\"form_fields[field_cfd96f8]\" id=\"form-field-field_cfd96f8\" class=\"elementor-field-textual elementor-size-sm\" required=\"required\">\n\t\t\t\t\t\t\t\t\t<option value=\"\"><\/option>\n\t\t\t\t\t\t\t\t\t<option value=\"SI\">SI<\/option>\n\t\t\t\t\t\t\t\t\t<option value=\"NO\">NO<\/option>\n\t\t\t\t\t\t\t<\/select>\n\t\t<\/div>\n\t\t\t\t\t\t<\/div>\n\t\t\t\t\t\t\t\t<div class=\"elementor-field-type-acceptance elementor-field-group elementor-column elementor-field-group-field_84cf4cf elementor-col-100\">\n\t\t\t\t\t\t\t<div class=\"elementor-field-subgroup\">\n\t\t\t<span class=\"elementor-field-option\">\n\t\t\t\t<input type=\"checkbox\" name=\"form_fields[field_84cf4cf]\" id=\"form-field-field_84cf4cf\" class=\"elementor-field elementor-size-sm  elementor-acceptance-field\">\n\t\t\t\t<label for=\"form-field-field_84cf4cf\">He le\u00eddo y acepto la <a href=\"https:\/\/aforcam.org\/index.php\/politica-de-privacidad\/\">Pol\u00edtica de Privacidad <\/a><\/label>\t\t\t<\/span>\n\t\t<\/div>\n\t\t\t\t\t\t<\/div>\n\t\t\t\t\t\t\t\t<div class=\"elementor-field-group elementor-column elementor-field-type-submit elementor-col-100 e-form__buttons\">\n\t\t\t\t\t<button class=\"elementor-button elementor-size-sm elementor-animation-push\" type=\"submit\">\n\t\t\t\t\t\t<span class=\"elementor-button-content-wrapper\">\n\t\t\t\t\t\t\t\t\t\t\t\t\t\t\t\t\t\t\t\t\t\t<span class=\"elementor-button-text\">Enviar<\/span>\n\t\t\t\t\t\t\t\t\t\t\t\t\t<\/span>\n\t\t\t\t\t<\/button>\n\t\t\t\t<\/div>\n\t\t\t<\/div>\n\t\t<\/form>\n\t\t\t\t\t\t<\/div>\n\t\t\t\t<\/div>\n\t\t\t\t<\/div>\n\t\t\t\t\t<\/div>\n\t\t\t\t<\/div>\n\t\t\t\t<\/div>\n\t\t","protected":false},"excerpt":{"rendered":"<p>curso Licitaciones en el \u00e1mbito de la formaci\u00f3n INSCRIPCI\u00d3N Indica tus datos\u00a0 y nos ponemos en contacto contigo para formalizar la inscripci\u00f3n.<\/p>\n","protected":false},"author":1,"featured_media":1890,"parent":0,"menu_order":0,"comment_status":"closed","ping_status":"closed","template":"elementor_canvas","meta":{"footnotes":""},"class_list":["post-1503","page","type-page","status-publish","has-post-thumbnail","hentry"],"yoast_head":"<!-- This site is optimized with the Yoast SEO plugin v27.0 - https:\/\/yoast.com\/product\/yoast-seo-wordpress\/ -->\n<title>Licitaciones en el \u00e1mbito de la formaci\u00f3n | AFORCAM<\/title>\n<meta name=\"description\" content=\"Comprende el marco legal de las licitaciones y su aplicaci\u00f3n en el \u00e1mbito de la formaci\u00f3n para aplicar buenas pr\u00e1cticas en la ejecuci\u00f3n.\" \/>\n<meta name=\"robots\" content=\"index, follow, max-snippet:-1, max-image-preview:large, max-video-preview:-1\" \/>\n<link rel=\"canonical\" href=\"https:\/\/aforcam.org\/index.php\/licitaciones-en-el-ambito-de-la-formacion\/\" \/>\n<meta property=\"og:locale\" content=\"es_ES\" \/>\n<meta property=\"og:type\" content=\"article\" \/>\n<meta property=\"og:title\" content=\"Licitaciones en el \u00e1mbito de la formaci\u00f3n | AFORCAM\" \/>\n<meta property=\"og:description\" content=\"Comprende el marco legal de las licitaciones y su aplicaci\u00f3n en el \u00e1mbito de la formaci\u00f3n para aplicar buenas pr\u00e1cticas en la ejecuci\u00f3n.\" \/>\n<meta property=\"og:url\" content=\"https:\/\/aforcam.org\/index.php\/licitaciones-en-el-ambito-de-la-formacion\/\" \/>\n<meta property=\"og:site_name\" content=\"AFORCAM\" \/>\n<meta property=\"article:modified_time\" content=\"2025-11-25T20:25:39+00:00\" \/>\n<meta property=\"og:image\" content=\"https:\/\/aforcam.org\/wp-content\/uploads\/2025\/11\/licitaciones-1.png\" \/>\n\t<meta property=\"og:image:width\" content=\"1080\" \/>\n\t<meta property=\"og:image:height\" content=\"1350\" \/>\n\t<meta property=\"og:image:type\" content=\"image\/png\" \/>\n<meta name=\"twitter:card\" content=\"summary_large_image\" \/>\n<meta name=\"twitter:label1\" content=\"Tiempo de lectura\" \/>\n\t<meta name=\"twitter:data1\" content=\"1 minuto\" \/>\n<script type=\"application\/ld+json\" class=\"yoast-schema-graph\">{\"@context\":\"https:\/\/schema.org\",\"@graph\":[{\"@type\":\"WebPage\",\"@id\":\"https:\/\/aforcam.org\/index.php\/licitaciones-en-el-ambito-de-la-formacion\/\",\"url\":\"https:\/\/aforcam.org\/index.php\/licitaciones-en-el-ambito-de-la-formacion\/\",\"name\":\"Licitaciones en el \u00e1mbito de la formaci\u00f3n | AFORCAM\",\"isPartOf\":{\"@id\":\"https:\/\/aforcam.org\/#website\"},\"primaryImageOfPage\":{\"@id\":\"https:\/\/aforcam.org\/index.php\/licitaciones-en-el-ambito-de-la-formacion\/#primaryimage\"},\"image\":{\"@id\":\"https:\/\/aforcam.org\/index.php\/licitaciones-en-el-ambito-de-la-formacion\/#primaryimage\"},\"thumbnailUrl\":\"https:\/\/aforcam.org\/wp-content\/uploads\/2025\/11\/licitaciones-1.png\",\"datePublished\":\"2025-05-12T07:54:37+00:00\",\"dateModified\":\"2025-11-25T20:25:39+00:00\",\"description\":\"Comprende el marco legal de las licitaciones y su aplicaci\u00f3n en el \u00e1mbito de la formaci\u00f3n para aplicar buenas pr\u00e1cticas en la ejecuci\u00f3n.\",\"breadcrumb\":{\"@id\":\"https:\/\/aforcam.org\/index.php\/licitaciones-en-el-ambito-de-la-formacion\/#breadcrumb\"},\"inLanguage\":\"es\",\"potentialAction\":[{\"@type\":\"ReadAction\",\"target\":[\"https:\/\/aforcam.org\/index.php\/licitaciones-en-el-ambito-de-la-formacion\/\"]}]},{\"@type\":\"ImageObject\",\"inLanguage\":\"es\",\"@id\":\"https:\/\/aforcam.org\/index.php\/licitaciones-en-el-ambito-de-la-formacion\/#primaryimage\",\"url\":\"https:\/\/aforcam.org\/wp-content\/uploads\/2025\/11\/licitaciones-1.png\",\"contentUrl\":\"https:\/\/aforcam.org\/wp-content\/uploads\/2025\/11\/licitaciones-1.png\",\"width\":1080,\"height\":1350},{\"@type\":\"BreadcrumbList\",\"@id\":\"https:\/\/aforcam.org\/index.php\/licitaciones-en-el-ambito-de-la-formacion\/#breadcrumb\",\"itemListElement\":[{\"@type\":\"ListItem\",\"position\":1,\"name\":\"Portada\",\"item\":\"https:\/\/aforcam.org\/\"},{\"@type\":\"ListItem\",\"position\":2,\"name\":\"Licitaciones en el \u00e1mbito de la formaci\u00f3n\"}]},{\"@type\":\"WebSite\",\"@id\":\"https:\/\/aforcam.org\/#website\",\"url\":\"https:\/\/aforcam.org\/\",\"name\":\"AFORCAM\",\"description\":\"Asociaci&oacute;n de Formaci&oacute;n de Castilla La Mancha\",\"publisher\":{\"@id\":\"https:\/\/aforcam.org\/#organization\"},\"potentialAction\":[{\"@type\":\"SearchAction\",\"target\":{\"@type\":\"EntryPoint\",\"urlTemplate\":\"https:\/\/aforcam.org\/?s={search_term_string}\"},\"query-input\":{\"@type\":\"PropertyValueSpecification\",\"valueRequired\":true,\"valueName\":\"search_term_string\"}}],\"inLanguage\":\"es\"},{\"@type\":\"Organization\",\"@id\":\"https:\/\/aforcam.org\/#organization\",\"name\":\"AFORCAM\",\"url\":\"https:\/\/aforcam.org\/\",\"logo\":{\"@type\":\"ImageObject\",\"inLanguage\":\"es\",\"@id\":\"https:\/\/aforcam.org\/#\/schema\/logo\/image\/\",\"url\":\"https:\/\/aforcam.org\/wp-content\/uploads\/2024\/10\/aforcam-1.webp\",\"contentUrl\":\"https:\/\/aforcam.org\/wp-content\/uploads\/2024\/10\/aforcam-1.webp\",\"width\":650,\"height\":486,\"caption\":\"AFORCAM\"},\"image\":{\"@id\":\"https:\/\/aforcam.org\/#\/schema\/logo\/image\/\"},\"sameAs\":[\"https:\/\/www.linkedin.com\/company\/aforcam\/\"]}]}<\/script>\n<!-- \/ Yoast SEO plugin. -->","yoast_head_json":{"title":"Licitaciones en el \u00e1mbito de la formaci\u00f3n | AFORCAM","description":"Comprende el marco legal de las licitaciones y su aplicaci\u00f3n en el \u00e1mbito de la formaci\u00f3n para aplicar buenas pr\u00e1cticas en la ejecuci\u00f3n.","robots":{"index":"index","follow":"follow","max-snippet":"max-snippet:-1","max-image-preview":"max-image-preview:large","max-video-preview":"max-video-preview:-1"},"canonical":"https:\/\/aforcam.org\/index.php\/licitaciones-en-el-ambito-de-la-formacion\/","og_locale":"es_ES","og_type":"article","og_title":"Licitaciones en el \u00e1mbito de la formaci\u00f3n | AFORCAM","og_description":"Comprende el marco legal de las licitaciones y su aplicaci\u00f3n en el \u00e1mbito de la formaci\u00f3n para aplicar buenas pr\u00e1cticas en la ejecuci\u00f3n.","og_url":"https:\/\/aforcam.org\/index.php\/licitaciones-en-el-ambito-de-la-formacion\/","og_site_name":"AFORCAM","article_modified_time":"2025-11-25T20:25:39+00:00","og_image":[{"width":1080,"height":1350,"url":"https:\/\/aforcam.org\/wp-content\/uploads\/2025\/11\/licitaciones-1.png","type":"image\/png"}],"twitter_card":"summary_large_image","twitter_misc":{"Tiempo de lectura":"1 minuto"},"schema":{"@context":"https:\/\/schema.org","@graph":[{"@type":"WebPage","@id":"https:\/\/aforcam.org\/index.php\/licitaciones-en-el-ambito-de-la-formacion\/","url":"https:\/\/aforcam.org\/index.php\/licitaciones-en-el-ambito-de-la-formacion\/","name":"Licitaciones en el \u00e1mbito de la formaci\u00f3n | AFORCAM","isPartOf":{"@id":"https:\/\/aforcam.org\/#website"},"primaryImageOfPage":{"@id":"https:\/\/aforcam.org\/index.php\/licitaciones-en-el-ambito-de-la-formacion\/#primaryimage"},"image":{"@id":"https:\/\/aforcam.org\/index.php\/licitaciones-en-el-ambito-de-la-formacion\/#primaryimage"},"thumbnailUrl":"https:\/\/aforcam.org\/wp-content\/uploads\/2025\/11\/licitaciones-1.png","datePublished":"2025-05-12T07:54:37+00:00","dateModified":"2025-11-25T20:25:39+00:00","description":"Comprende el marco legal de las licitaciones y su aplicaci\u00f3n en el \u00e1mbito de la formaci\u00f3n para aplicar buenas pr\u00e1cticas en la ejecuci\u00f3n.","breadcrumb":{"@id":"https:\/\/aforcam.org\/index.php\/licitaciones-en-el-ambito-de-la-formacion\/#breadcrumb"},"inLanguage":"es","potentialAction":[{"@type":"ReadAction","target":["https:\/\/aforcam.org\/index.php\/licitaciones-en-el-ambito-de-la-formacion\/"]}]},{"@type":"ImageObject","inLanguage":"es","@id":"https:\/\/aforcam.org\/index.php\/licitaciones-en-el-ambito-de-la-formacion\/#primaryimage","url":"https:\/\/aforcam.org\/wp-content\/uploads\/2025\/11\/licitaciones-1.png","contentUrl":"https:\/\/aforcam.org\/wp-content\/uploads\/2025\/11\/licitaciones-1.png","width":1080,"height":1350},{"@type":"BreadcrumbList","@id":"https:\/\/aforcam.org\/index.php\/licitaciones-en-el-ambito-de-la-formacion\/#breadcrumb","itemListElement":[{"@type":"ListItem","position":1,"name":"Portada","item":"https:\/\/aforcam.org\/"},{"@type":"ListItem","position":2,"name":"Licitaciones en el \u00e1mbito de la formaci\u00f3n"}]},{"@type":"WebSite","@id":"https:\/\/aforcam.org\/#website","url":"https:\/\/aforcam.org\/","name":"AFORCAM","description":"Asociaci&oacute;n de Formaci&oacute;n de Castilla La Mancha","publisher":{"@id":"https:\/\/aforcam.org\/#organization"},"potentialAction":[{"@type":"SearchAction","target":{"@type":"EntryPoint","urlTemplate":"https:\/\/aforcam.org\/?s={search_term_string}"},"query-input":{"@type":"PropertyValueSpecification","valueRequired":true,"valueName":"search_term_string"}}],"inLanguage":"es"},{"@type":"Organization","@id":"https:\/\/aforcam.org\/#organization","name":"AFORCAM","url":"https:\/\/aforcam.org\/","logo":{"@type":"ImageObject","inLanguage":"es","@id":"https:\/\/aforcam.org\/#\/schema\/logo\/image\/","url":"https:\/\/aforcam.org\/wp-content\/uploads\/2024\/10\/aforcam-1.webp","contentUrl":"https:\/\/aforcam.org\/wp-content\/uploads\/2024\/10\/aforcam-1.webp","width":650,"height":486,"caption":"AFORCAM"},"image":{"@id":"https:\/\/aforcam.org\/#\/schema\/logo\/image\/"},"sameAs":["https:\/\/www.linkedin.com\/company\/aforcam\/"]}]}},"_links":{"self":[{"href":"https:\/\/aforcam.org\/index.php\/wp-json\/wp\/v2\/pages\/1503","targetHints":{"allow":["GET"]}}],"collection":[{"href":"https:\/\/aforcam.org\/index.php\/wp-json\/wp\/v2\/pages"}],"about":[{"href":"https:\/\/aforcam.org\/index.php\/wp-json\/wp\/v2\/types\/page"}],"author":[{"embeddable":true,"href":"https:\/\/aforcam.org\/index.php\/wp-json\/wp\/v2\/users\/1"}],"replies":[{"embeddable":true,"href":"https:\/\/aforcam.org\/index.php\/wp-json\/wp\/v2\/comments?post=1503"}],"version-history":[{"count":38,"href":"https:\/\/aforcam.org\/index.php\/wp-json\/wp\/v2\/pages\/1503\/revisions"}],"predecessor-version":[{"id":1928,"href":"https:\/\/aforcam.org\/index.php\/wp-json\/wp\/v2\/pages\/1503\/revisions\/1928"}],"wp:featuredmedia":[{"embeddable":true,"href":"https:\/\/aforcam.org\/index.php\/wp-json\/wp\/v2\/media\/1890"}],"wp:attachment":[{"href":"https:\/\/aforcam.org\/index.php\/wp-json\/wp\/v2\/media?parent=1503"}],"curies":[{"name":"wp","href":"https:\/\/api.w.org\/{rel}","templated":true}]}}