{"id":118,"date":"2025-02-18T11:25:07","date_gmt":"2025-02-18T11:25:07","guid":{"rendered":"https:\/\/aforcam.org\/?page_id=118"},"modified":"2025-11-17T12:04:07","modified_gmt":"2025-11-17T12:04:07","slug":"contacto-con-aforcam","status":"publish","type":"page","link":"https:\/\/aforcam.org\/index.php\/contacto-con-aforcam\/","title":{"rendered":"contacta con aforcam"},"content":{"rendered":"\t\t<div data-elementor-type=\"wp-page\" data-elementor-id=\"118\" class=\"elementor elementor-118\" data-elementor-post-type=\"page\">\n\t\t\t\t<div class=\"elementor-element elementor-element-5592c54 e-con-full e-flex e-con e-parent\" data-id=\"5592c54\" data-element_type=\"container\" data-e-type=\"container\" data-settings=\"{&quot;background_background&quot;:&quot;classic&quot;}\">\n\t\t\t\t<div class=\"elementor-element elementor-element-235a533 elementor-widget elementor-widget-heading\" data-id=\"235a533\" data-element_type=\"widget\" data-e-type=\"widget\" data-widget_type=\"heading.default\">\n\t\t\t\t<div class=\"elementor-widget-container\">\n\t\t\t\t\t<h2 class=\"elementor-heading-title elementor-size-default\">contacto<\/h2>\t\t\t\t<\/div>\n\t\t\t\t<\/div>\n\t\t\t\t<\/div>\n\t\t<div class=\"elementor-element elementor-element-d7866c0 e-flex e-con-boxed e-con e-parent\" data-id=\"d7866c0\" data-element_type=\"container\" data-e-type=\"container\">\n\t\t\t\t\t<div class=\"e-con-inner\">\n\t\t<div class=\"elementor-element elementor-element-7ff5cea2 e-con-full e-flex e-con e-child\" data-id=\"7ff5cea2\" data-element_type=\"container\" data-e-type=\"container\">\n\t\t\t\t<div class=\"elementor-element elementor-element-2a97626c elementor-invisible elementor-widget elementor-widget-heading\" data-id=\"2a97626c\" data-element_type=\"widget\" data-e-type=\"widget\" data-settings=\"{&quot;_animation&quot;:&quot;fadeInUp&quot;,&quot;_animation_delay&quot;:200}\" data-widget_type=\"heading.default\">\n\t\t\t\t<div class=\"elementor-widget-container\">\n\t\t\t\t\t<h3 class=\"elementor-heading-title elementor-size-default\">\u00bfTienes alguna pregunta o necesitas m\u00e1s informaci\u00f3n?<br> \n<span>en AFORCAM<\/span>\n<br>\u00a1Estamos  para ayudarte!<\/h3>\t\t\t\t<\/div>\n\t\t\t\t<\/div>\n\t\t\t\t<div class=\"elementor-element elementor-element-3e5d5863 elementor-widget elementor-widget-text-editor\" data-id=\"3e5d5863\" data-element_type=\"widget\" data-e-type=\"widget\" data-widget_type=\"text-editor.default\">\n\t\t\t\t<div class=\"elementor-widget-container\">\n\t\t\t\t\t\t\t\t\t<p>Puedes solicitar m\u00e1s informaci\u00f3n, enviando el formulario o llamarnos directamente.<\/p>\t\t\t\t\t\t\t\t<\/div>\n\t\t\t\t<\/div>\n\t\t<div class=\"elementor-element elementor-element-7f162bc4 e-con-full e-flex e-con e-child\" data-id=\"7f162bc4\" data-element_type=\"container\" data-e-type=\"container\">\n\t\t<div class=\"elementor-element elementor-element-d78a027 e-con-full e-flex e-con e-child\" data-id=\"d78a027\" data-element_type=\"container\" data-e-type=\"container\">\n\t\t<div class=\"elementor-element elementor-element-18b574c0 e-con-full e-flex e-con e-child\" data-id=\"18b574c0\" data-element_type=\"container\" data-e-type=\"container\">\n\t\t\t\t<div class=\"elementor-element elementor-element-428060a elementor-position-inline-start elementor-view-default elementor-mobile-position-block-start elementor-widget elementor-widget-icon-box\" data-id=\"428060a\" data-element_type=\"widget\" data-e-type=\"widget\" data-widget_type=\"icon-box.default\">\n\t\t\t\t<div class=\"elementor-widget-container\">\n\t\t\t\t\t\t\t<div class=\"elementor-icon-box-wrapper\">\n\n\t\t\t\t\t\t<div class=\"elementor-icon-box-icon\">\n\t\t\t\t<span  class=\"elementor-icon\">\n\t\t\t\t<svg xmlns=\"http:\/\/www.w3.org\/2000\/svg\" id=\"Expanded\" viewBox=\"0 0 64 64\"><defs><style>      .cls-1 {        stroke-width: 0px;      }    <\/style><\/defs><path class=\"cls-1\" d=\"m53.95,29.71s-.01-.1-.03-.14c-.06-.13-.14-.26-.25-.35l-5.23-4.72V5c0-.55-.45-1-1-1h-30.88c-.55,0-1,.45-1,1v19.5l-5.23,4.72c-.11.1-.19.22-.25.36-.02.04-.02.09-.03.14-.02.08-.05.16-.05.25v29.04c0,.55.45,1,1,1h42c.55,0,1-.45,1-1v-29.04c0-.09-.03-.17-.05-.25Zm-5.51-2.52l2.94,2.65-2.94,1.96v-4.62ZM17.56,6h28.88v27.14l-14.44,9.65-14.44-9.65V6Zm-2,21.19v4.62l-2.94-1.96,2.94-2.65Zm36.44,30.81H12v-26.17l19.44,13c.17.11.36.17.56.17s.39-.06.56-.17l19.44-13v26.17Z\"><\/path><path class=\"cls-1\" d=\"m40.4,28.32c-.29-.47-.91-.61-1.38-.32-.08.05-8.29,5.08-13.49-.83-3.01-3.43-2.29-6.77-1.6-8.46,1.25-3.02,4.13-5.19,7.17-5.39,2.86-.19,5.24.49,6.9,1.95,1.57,1.39,2.49,3.46,2.66,5.99.14,2.08-.46,3.56-1.65,4.06-.85.36-1.88.12-2.5-.57-.98-1.1.21-5.03,1.32-7.34.24-.5.03-1.1-.47-1.33-.5-.24-1.09-.03-1.33.47-.11.23-.31.65-.53,1.19-.53-.83-1.26-1.47-2.21-1.84-1.49-.58-3.11-.32-4.43.7-1.81,1.4-2.75,3.92-2.44,6.57.25,2.17,1.38,3.11,2.28,3.52.6.27,1.24.38,1.85.38,1.39,0,2.68-.53,3.21-.9.13-.09.41-.29.8-.81.12.26.27.51.46.72,1.2,1.34,3.12,1.78,4.77,1.08.96-.4,3.15-1.8,2.87-6.04-.2-3.07-1.35-5.62-3.33-7.36-2.07-1.83-4.96-2.68-8.36-2.45-3.78.25-7.36,2.91-8.89,6.62-1.49,3.6-.78,7.44,1.94,10.54,2.38,2.71,5.23,3.55,7.87,3.55,4.36,0,8.13-2.31,8.19-2.35.47-.29.61-.91.32-1.38Zm-6.44-5.95h0c-.6,1.33-1.09,2-1.33,2.16-.43.29-2.03.84-3.11.35-.63-.29-1-.92-1.12-1.93-.23-1.93.43-3.79,1.67-4.75.5-.39,1.06-.59,1.61-.59.29,0,.59.06.87.17.81.31,1.33.9,1.61,1.8.27.9.2,1.89-.21,2.8Z\"><\/path><\/svg>\t\t\t\t<\/span>\n\t\t\t<\/div>\n\t\t\t\n\t\t\t\t\t\t<div class=\"elementor-icon-box-content\">\n\n\t\t\t\t\t\t\t\t\t<h4 class=\"elementor-icon-box-title\">\n\t\t\t\t\t\t<span  >\n\t\t\t\t\t\t\tEmail\t\t\t\t\t\t<\/span>\n\t\t\t\t\t<\/h4>\n\t\t\t\t\n\t\t\t\t\t\t\t\t\t<p class=\"elementor-icon-box-description\">\n\t\t\t\t\t\tinfo@aforcam.org\t\t\t\t\t<\/p>\n\t\t\t\t\n\t\t\t<\/div>\n\t\t\t\n\t\t<\/div>\n\t\t\t\t\t\t<\/div>\n\t\t\t\t<\/div>\n\t\t\t\t<\/div>\n\t\t<div class=\"elementor-element elementor-element-35c08401 e-con-full e-flex e-con e-child\" data-id=\"35c08401\" data-element_type=\"container\" data-e-type=\"container\">\n\t\t\t\t<div class=\"elementor-element elementor-element-3e3a2d6a elementor-position-inline-start elementor-view-default elementor-mobile-position-block-start elementor-widget elementor-widget-icon-box\" data-id=\"3e3a2d6a\" data-element_type=\"widget\" data-e-type=\"widget\" data-widget_type=\"icon-box.default\">\n\t\t\t\t<div class=\"elementor-widget-container\">\n\t\t\t\t\t\t\t<div class=\"elementor-icon-box-wrapper\">\n\n\t\t\t\t\t\t<div class=\"elementor-icon-box-icon\">\n\t\t\t\t<span  class=\"elementor-icon\">\n\t\t\t\t<svg xmlns=\"http:\/\/www.w3.org\/2000\/svg\" id=\"Expanded\" viewBox=\"0 0 64 64\"><defs><style>      .cls-1 {        stroke-width: 0px;      }    <\/style><\/defs><path class=\"cls-1\" d=\"m58.46,44.81l-7.58-7.58c-.25-.25-.51-.46-.79-.65-.04-.03-.09-.04-.13-.07-.8-.5-1.71-.77-2.68-.77s-1.92.28-2.72.8c-.03.02-.06.03-.08.04-.28.19-.55.4-.8.65l-5.06,5.06c-1.2,1.2-3.16,1.2-4.37,0l-12.54-12.54c-1.2-1.21-1.2-3.17,0-4.37l1.87-1.87s.02-.01.03-.02l3.16-3.17c.25-.25.46-.51.65-.79.03-.04.04-.09.07-.13.5-.8.78-1.72.78-2.68s-.28-1.88-.78-2.68c-.02-.04-.04-.08-.07-.12-.19-.28-.4-.55-.65-.79l-7.58-7.58c-.25-.25-.52-.47-.81-.66-.05-.03-.1-.05-.15-.08-.24-.15-.49-.29-.75-.4-.01,0-.02,0-.04-.01-.6-.24-1.25-.37-1.91-.37-.98,0-1.91.28-2.73.79-.04.02-.08.04-.12.07-.29.19-.56.41-.81.66-.54.54-1.06,1.1-1.55,1.69-.49.58-.96,1.19-1.41,1.81-3.19,4.52-4.88,9.86-4.88,15.44,0,7.16,2.79,13.89,7.84,18.94l8.71,8.71c5.2,5.2,12.05,7.87,18.95,7.87,5.37,0,10.76-1.62,15.43-4.91,1.24-.88,2.42-1.88,3.5-2.96.97-.98,1.51-2.28,1.51-3.65s-.54-2.67-1.51-3.66ZM11.59,8.86c.13-.16.25-.31.38-.47.42-.49.86-.97,1.32-1.43.62-.62,1.43-.93,2.24-.93s1.62.31,2.24.93l7.58,7.58c.15.15.28.31.39.48.02.02.02.05.04.07.62,1,.62,2.28,0,3.28-.01.02-.02.04-.03.06-.11.17-.24.33-.39.48l-2.46,2.46-11.83-11.83c.17-.23.35-.46.53-.68Zm10.41,41.86l-8.71-8.71c-4.68-4.67-7.26-10.89-7.26-17.52,0-4.76,1.34-9.33,3.86-13.28l11.59,11.59-1.19,1.19c-1.98,1.98-1.98,5.2,0,7.19l12.54,12.54c1.99,1.98,5.22,1.97,7.19,0l1.19-1.19,11.58,11.58c-9.76,6.21-22.52,4.89-30.8-3.39Zm35.05,0c-.46.46-.94.89-1.43,1.31-.15.13-.32.26-.47.39-.22.18-.45.35-.68.52l-11.83-11.83,2.45-2.46c1.17-1.17,3.21-1.17,4.38,0l7.58,7.58c.6.61.93,1.41.93,2.25s-.33,1.64-.93,2.24Z\"><\/path><path class=\"cls-1\" d=\"m34.23,31.45c.15,0,.29-.02.44-.06l5.9-1.58c5.6,2.69,12.25,1.26,16.28-3.55,4.25-5.08,4.15-12.66-.24-17.63-2.51-2.85-5.98-4.48-9.76-4.6-3.72-.12-7.38,1.33-10.01,3.96-4.09,4.09-5.13,10.26-2.64,15.45l-1.58,5.9c-.16.58,0,1.19.43,1.62.32.32.74.49,1.18.49Zm1.92-8.57c-2.31-4.48-1.47-9.9,2.1-13.47,2.19-2.19,5.08-3.38,8.16-3.38.12,0,.25,0,.37,0,3.22.1,6.18,1.49,8.32,3.92,3.74,4.24,3.83,10.7.2,15.02-3.51,4.19-9.34,5.37-14.18,2.88-.22-.11-.48-.14-.72-.08l-5.72,1.53,1.53-5.72c.06-.24.04-.5-.08-.72Z\"><\/path><path class=\"cls-1\" d=\"m39.92,22.18c0,.76.14,1.51.4,2.23.15.39.52.65.94.65h10.02c.42,0,.79-.26.94-.65.27-.71.4-1.46.4-2.23,0-2.07-1.01-3.97-2.65-5.14.56-.76.9-1.69.9-2.71,0-2.54-2.06-4.6-4.6-4.6s-4.6,2.06-4.6,4.6c0,1.02.34,1.95.9,2.71-1.64,1.18-2.65,3.07-2.65,5.14Zm6.35-10.45c1.44,0,2.6,1.17,2.6,2.6s-1.17,2.6-2.6,2.6-2.6-1.17-2.6-2.6,1.17-2.6,2.6-2.6Zm-2.12,6.66c.64.33,1.35.54,2.12.54s1.48-.21,2.12-.54c1.36.76,2.23,2.2,2.23,3.79,0,.3-.03.59-.09.88h-8.52c-.06-.29-.09-.58-.09-.88,0-1.59.87-3.03,2.23-3.79Z\"><\/path><\/svg>\t\t\t\t<\/span>\n\t\t\t<\/div>\n\t\t\t\n\t\t\t\t\t\t<div class=\"elementor-icon-box-content\">\n\n\t\t\t\t\t\t\t\t\t<h4 class=\"elementor-icon-box-title\">\n\t\t\t\t\t\t<span  >\n\t\t\t\t\t\t\tTel\u00e9fono\t\t\t\t\t\t<\/span>\n\t\t\t\t\t<\/h4>\n\t\t\t\t\n\t\t\t\t\t\t\t\t\t<p class=\"elementor-icon-box-description\">\n\t\t\t\t\t\t634 311 636\t\t\t\t\t<\/p>\n\t\t\t\t\n\t\t\t<\/div>\n\t\t\t\n\t\t<\/div>\n\t\t\t\t\t\t<\/div>\n\t\t\t\t<\/div>\n\t\t\t\t<\/div>\n\t\t\t\t<\/div>\n\t\t\t\t<\/div>\n\t\t\t\t<\/div>\n\t\t<div class=\"elementor-element elementor-element-7bfa8d38 e-con-full e-flex e-con e-child\" data-id=\"7bfa8d38\" data-element_type=\"container\" data-e-type=\"container\" data-settings=\"{&quot;background_background&quot;:&quot;classic&quot;}\">\n\t\t\t\t<div class=\"elementor-element elementor-element-54426ac elementor-button-align-stretch elementor-widget elementor-widget-form\" data-id=\"54426ac\" data-element_type=\"widget\" data-e-type=\"widget\" data-settings=\"{&quot;step_next_label&quot;:&quot;Siguiente&quot;,&quot;step_previous_label&quot;:&quot;Anterior&quot;,&quot;button_width&quot;:&quot;100&quot;,&quot;step_type&quot;:&quot;number_text&quot;,&quot;step_icon_shape&quot;:&quot;circle&quot;}\" data-widget_type=\"form.default\">\n\t\t\t\t<div class=\"elementor-widget-container\">\n\t\t\t\t\t\t\t<form class=\"elementor-form\" method=\"post\" name=\"Nuevo formulario\" aria-label=\"Nuevo formulario\">\n\t\t\t<input type=\"hidden\" name=\"post_id\" value=\"118\"\/>\n\t\t\t<input type=\"hidden\" name=\"form_id\" value=\"54426ac\"\/>\n\t\t\t<input type=\"hidden\" name=\"referer_title\" value=\"contacta con aforcam - AFORCAM\" \/>\n\n\t\t\t\t\t\t\t<input type=\"hidden\" name=\"queried_id\" value=\"118\"\/>\n\t\t\t\n\t\t\t<div class=\"elementor-form-fields-wrapper elementor-labels-\">\n\t\t\t\t\t\t\t\t<div class=\"elementor-field-type-text elementor-field-group elementor-column elementor-field-group-name elementor-col-100 elementor-field-required\">\n\t\t\t\t\t\t\t\t\t\t\t\t<label for=\"form-field-name\" class=\"elementor-field-label elementor-screen-only\">\n\t\t\t\t\t\t\t\tNombre\t\t\t\t\t\t\t<\/label>\n\t\t\t\t\t\t\t\t\t\t\t\t\t\t<input size=\"1\" type=\"text\" name=\"form_fields[name]\" id=\"form-field-name\" class=\"elementor-field elementor-size-sm  elementor-field-textual\" placeholder=\"Nombre\" required=\"required\">\n\t\t\t\t\t\t\t\t\t\t\t<\/div>\n\t\t\t\t\t\t\t\t<div class=\"elementor-field-type-email elementor-field-group elementor-column elementor-field-group-email elementor-col-100 elementor-field-required\">\n\t\t\t\t\t\t\t\t\t\t\t\t<label for=\"form-field-email\" class=\"elementor-field-label elementor-screen-only\">\n\t\t\t\t\t\t\t\tCorreo electr\u00f3nico\t\t\t\t\t\t\t<\/label>\n\t\t\t\t\t\t\t\t\t\t\t\t\t\t<input size=\"1\" type=\"email\" name=\"form_fields[email]\" id=\"form-field-email\" class=\"elementor-field elementor-size-sm  elementor-field-textual\" placeholder=\"Correo electr\u00f3nico\" required=\"required\">\n\t\t\t\t\t\t\t\t\t\t\t<\/div>\n\t\t\t\t\t\t\t\t<div class=\"elementor-field-type-text elementor-field-group elementor-column elementor-field-group-field_425d99f elementor-col-100 elementor-field-required\">\n\t\t\t\t\t\t\t\t\t\t\t\t<label for=\"form-field-field_425d99f\" class=\"elementor-field-label elementor-screen-only\">\n\t\t\t\t\t\t\t\ttelefono\t\t\t\t\t\t\t<\/label>\n\t\t\t\t\t\t\t\t\t\t\t\t\t\t<input size=\"1\" type=\"text\" name=\"form_fields[field_425d99f]\" id=\"form-field-field_425d99f\" class=\"elementor-field elementor-size-sm  elementor-field-textual\" placeholder=\"Telefono\" required=\"required\">\n\t\t\t\t\t\t\t\t\t\t\t<\/div>\n\t\t\t\t\t\t\t\t<div class=\"elementor-field-type-textarea elementor-field-group elementor-column elementor-field-group-message elementor-col-100\">\n\t\t\t\t\t\t\t\t\t\t\t\t<label for=\"form-field-message\" class=\"elementor-field-label elementor-screen-only\">\n\t\t\t\t\t\t\t\tMensaje\t\t\t\t\t\t\t<\/label>\n\t\t\t\t\t\t<textarea class=\"elementor-field-textual elementor-field  elementor-size-sm\" name=\"form_fields[message]\" id=\"form-field-message\" rows=\"4\" placeholder=\"Mensaje\"><\/textarea>\t\t\t\t<\/div>\n\t\t\t\t\t\t\t\t<div class=\"elementor-field-group elementor-column elementor-field-type-submit elementor-col-100 e-form__buttons\">\n\t\t\t\t\t<button class=\"elementor-button elementor-size-sm elementor-animation-bounce-in\" type=\"submit\">\n\t\t\t\t\t\t<span class=\"elementor-button-content-wrapper\">\n\t\t\t\t\t\t\t\t\t\t\t\t\t\t\t\t\t\t\t\t\t\t<span class=\"elementor-button-text\">Enviar<\/span>\n\t\t\t\t\t\t\t\t\t\t\t\t\t<\/span>\n\t\t\t\t\t<\/button>\n\t\t\t\t<\/div>\n\t\t\t<\/div>\n\t\t<\/form>\n\t\t\t\t\t\t<\/div>\n\t\t\t\t<\/div>\n\t\t\t\t<\/div>\n\t\t\t\t\t<\/div>\n\t\t\t\t<\/div>\n\t\t\t\t<\/div>\n\t\t","protected":false},"excerpt":{"rendered":"<p>contacto \u00bfTienes alguna pregunta o necesitas m\u00e1s informaci\u00f3n? en AFORCAM \u00a1Estamos para ayudarte! Puedes solicitar m\u00e1s informaci\u00f3n, enviando el formulario o llamarnos directamente. Email info@aforcam.org Tel\u00e9fono 634 311 636<\/p>\n","protected":false},"author":1,"featured_media":1650,"parent":0,"menu_order":0,"comment_status":"closed","ping_status":"closed","template":"elementor_header_footer","meta":{"footnotes":""},"class_list":["post-118","page","type-page","status-publish","has-post-thumbnail","hentry"],"yoast_head":"<!-- This site is optimized with the Yoast SEO plugin v27.0 - https:\/\/yoast.com\/product\/yoast-seo-wordpress\/ -->\n<title>contacta con aforcam - AFORCAM<\/title>\n<meta name=\"description\" content=\"\u00bfTienes dudas o necesitas informaci\u00f3n sobre nuestros cursos? Contacta con AFORCAM por tel\u00e9fono, correo electr\u00f3nico o a trav\u00e9s del formulario. Estamos aqu\u00ed para ayudarte.\" \/>\n<meta name=\"robots\" content=\"index, follow, max-snippet:-1, max-image-preview:large, max-video-preview:-1\" \/>\n<link rel=\"canonical\" href=\"https:\/\/aforcam.org\/index.php\/contacto-con-aforcam\/\" \/>\n<meta property=\"og:locale\" content=\"es_ES\" \/>\n<meta property=\"og:type\" content=\"article\" \/>\n<meta property=\"og:title\" content=\"contacta con aforcam - AFORCAM\" \/>\n<meta property=\"og:description\" content=\"\u00bfTienes dudas o necesitas informaci\u00f3n sobre nuestros cursos? Contacta con AFORCAM por tel\u00e9fono, correo electr\u00f3nico o a trav\u00e9s del formulario. Estamos aqu\u00ed para ayudarte.\" \/>\n<meta property=\"og:url\" content=\"https:\/\/aforcam.org\/index.php\/contacto-con-aforcam\/\" \/>\n<meta property=\"og:site_name\" content=\"AFORCAM\" \/>\n<meta property=\"article:modified_time\" content=\"2025-11-17T12:04:07+00:00\" \/>\n<meta property=\"og:image\" content=\"https:\/\/aforcam.org\/wp-content\/uploads\/2025\/05\/logo-cluster.png\" \/>\n\t<meta property=\"og:image:width\" content=\"578\" \/>\n\t<meta property=\"og:image:height\" content=\"336\" \/>\n\t<meta property=\"og:image:type\" content=\"image\/png\" \/>\n<meta name=\"twitter:card\" content=\"summary_large_image\" \/>\n<meta name=\"twitter:label1\" content=\"Tiempo de lectura\" \/>\n\t<meta name=\"twitter:data1\" content=\"1 minuto\" \/>\n<script type=\"application\/ld+json\" class=\"yoast-schema-graph\">{\"@context\":\"https:\/\/schema.org\",\"@graph\":[{\"@type\":\"WebPage\",\"@id\":\"https:\/\/aforcam.org\/index.php\/contacto-con-aforcam\/\",\"url\":\"https:\/\/aforcam.org\/index.php\/contacto-con-aforcam\/\",\"name\":\"contacta con aforcam - AFORCAM\",\"isPartOf\":{\"@id\":\"https:\/\/aforcam.org\/#website\"},\"primaryImageOfPage\":{\"@id\":\"https:\/\/aforcam.org\/index.php\/contacto-con-aforcam\/#primaryimage\"},\"image\":{\"@id\":\"https:\/\/aforcam.org\/index.php\/contacto-con-aforcam\/#primaryimage\"},\"thumbnailUrl\":\"https:\/\/aforcam.org\/wp-content\/uploads\/2025\/05\/logo-cluster.png\",\"datePublished\":\"2025-02-18T11:25:07+00:00\",\"dateModified\":\"2025-11-17T12:04:07+00:00\",\"description\":\"\u00bfTienes dudas o necesitas informaci\u00f3n sobre nuestros cursos? Contacta con AFORCAM por tel\u00e9fono, correo electr\u00f3nico o a trav\u00e9s del formulario. Estamos aqu\u00ed para ayudarte.\",\"breadcrumb\":{\"@id\":\"https:\/\/aforcam.org\/index.php\/contacto-con-aforcam\/#breadcrumb\"},\"inLanguage\":\"es\",\"potentialAction\":[{\"@type\":\"ReadAction\",\"target\":[\"https:\/\/aforcam.org\/index.php\/contacto-con-aforcam\/\"]}]},{\"@type\":\"ImageObject\",\"inLanguage\":\"es\",\"@id\":\"https:\/\/aforcam.org\/index.php\/contacto-con-aforcam\/#primaryimage\",\"url\":\"https:\/\/aforcam.org\/wp-content\/uploads\/2025\/05\/logo-cluster.png\",\"contentUrl\":\"https:\/\/aforcam.org\/wp-content\/uploads\/2025\/05\/logo-cluster.png\",\"width\":578,\"height\":336},{\"@type\":\"BreadcrumbList\",\"@id\":\"https:\/\/aforcam.org\/index.php\/contacto-con-aforcam\/#breadcrumb\",\"itemListElement\":[{\"@type\":\"ListItem\",\"position\":1,\"name\":\"Portada\",\"item\":\"https:\/\/aforcam.org\/\"},{\"@type\":\"ListItem\",\"position\":2,\"name\":\"contacta con aforcam\"}]},{\"@type\":\"WebSite\",\"@id\":\"https:\/\/aforcam.org\/#website\",\"url\":\"https:\/\/aforcam.org\/\",\"name\":\"AFORCAM\",\"description\":\"Asociaci&oacute;n de Formaci&oacute;n de Castilla La Mancha\",\"publisher\":{\"@id\":\"https:\/\/aforcam.org\/#organization\"},\"potentialAction\":[{\"@type\":\"SearchAction\",\"target\":{\"@type\":\"EntryPoint\",\"urlTemplate\":\"https:\/\/aforcam.org\/?s={search_term_string}\"},\"query-input\":{\"@type\":\"PropertyValueSpecification\",\"valueRequired\":true,\"valueName\":\"search_term_string\"}}],\"inLanguage\":\"es\"},{\"@type\":\"Organization\",\"@id\":\"https:\/\/aforcam.org\/#organization\",\"name\":\"AFORCAM\",\"url\":\"https:\/\/aforcam.org\/\",\"logo\":{\"@type\":\"ImageObject\",\"inLanguage\":\"es\",\"@id\":\"https:\/\/aforcam.org\/#\/schema\/logo\/image\/\",\"url\":\"https:\/\/aforcam.org\/wp-content\/uploads\/2024\/10\/aforcam-1.webp\",\"contentUrl\":\"https:\/\/aforcam.org\/wp-content\/uploads\/2024\/10\/aforcam-1.webp\",\"width\":650,\"height\":486,\"caption\":\"AFORCAM\"},\"image\":{\"@id\":\"https:\/\/aforcam.org\/#\/schema\/logo\/image\/\"},\"sameAs\":[\"https:\/\/www.linkedin.com\/company\/aforcam\/\"]}]}<\/script>\n<!-- \/ Yoast SEO plugin. -->","yoast_head_json":{"title":"contacta con aforcam - AFORCAM","description":"\u00bfTienes dudas o necesitas informaci\u00f3n sobre nuestros cursos? Contacta con AFORCAM por tel\u00e9fono, correo electr\u00f3nico o a trav\u00e9s del formulario. Estamos aqu\u00ed para ayudarte.","robots":{"index":"index","follow":"follow","max-snippet":"max-snippet:-1","max-image-preview":"max-image-preview:large","max-video-preview":"max-video-preview:-1"},"canonical":"https:\/\/aforcam.org\/index.php\/contacto-con-aforcam\/","og_locale":"es_ES","og_type":"article","og_title":"contacta con aforcam - AFORCAM","og_description":"\u00bfTienes dudas o necesitas informaci\u00f3n sobre nuestros cursos? Contacta con AFORCAM por tel\u00e9fono, correo electr\u00f3nico o a trav\u00e9s del formulario. Estamos aqu\u00ed para ayudarte.","og_url":"https:\/\/aforcam.org\/index.php\/contacto-con-aforcam\/","og_site_name":"AFORCAM","article_modified_time":"2025-11-17T12:04:07+00:00","og_image":[{"width":578,"height":336,"url":"https:\/\/aforcam.org\/wp-content\/uploads\/2025\/05\/logo-cluster.png","type":"image\/png"}],"twitter_card":"summary_large_image","twitter_misc":{"Tiempo de lectura":"1 minuto"},"schema":{"@context":"https:\/\/schema.org","@graph":[{"@type":"WebPage","@id":"https:\/\/aforcam.org\/index.php\/contacto-con-aforcam\/","url":"https:\/\/aforcam.org\/index.php\/contacto-con-aforcam\/","name":"contacta con aforcam - AFORCAM","isPartOf":{"@id":"https:\/\/aforcam.org\/#website"},"primaryImageOfPage":{"@id":"https:\/\/aforcam.org\/index.php\/contacto-con-aforcam\/#primaryimage"},"image":{"@id":"https:\/\/aforcam.org\/index.php\/contacto-con-aforcam\/#primaryimage"},"thumbnailUrl":"https:\/\/aforcam.org\/wp-content\/uploads\/2025\/05\/logo-cluster.png","datePublished":"2025-02-18T11:25:07+00:00","dateModified":"2025-11-17T12:04:07+00:00","description":"\u00bfTienes dudas o necesitas informaci\u00f3n sobre nuestros cursos? Contacta con AFORCAM por tel\u00e9fono, correo electr\u00f3nico o a trav\u00e9s del formulario. Estamos aqu\u00ed para ayudarte.","breadcrumb":{"@id":"https:\/\/aforcam.org\/index.php\/contacto-con-aforcam\/#breadcrumb"},"inLanguage":"es","potentialAction":[{"@type":"ReadAction","target":["https:\/\/aforcam.org\/index.php\/contacto-con-aforcam\/"]}]},{"@type":"ImageObject","inLanguage":"es","@id":"https:\/\/aforcam.org\/index.php\/contacto-con-aforcam\/#primaryimage","url":"https:\/\/aforcam.org\/wp-content\/uploads\/2025\/05\/logo-cluster.png","contentUrl":"https:\/\/aforcam.org\/wp-content\/uploads\/2025\/05\/logo-cluster.png","width":578,"height":336},{"@type":"BreadcrumbList","@id":"https:\/\/aforcam.org\/index.php\/contacto-con-aforcam\/#breadcrumb","itemListElement":[{"@type":"ListItem","position":1,"name":"Portada","item":"https:\/\/aforcam.org\/"},{"@type":"ListItem","position":2,"name":"contacta con aforcam"}]},{"@type":"WebSite","@id":"https:\/\/aforcam.org\/#website","url":"https:\/\/aforcam.org\/","name":"AFORCAM","description":"Asociaci&oacute;n de Formaci&oacute;n de Castilla La Mancha","publisher":{"@id":"https:\/\/aforcam.org\/#organization"},"potentialAction":[{"@type":"SearchAction","target":{"@type":"EntryPoint","urlTemplate":"https:\/\/aforcam.org\/?s={search_term_string}"},"query-input":{"@type":"PropertyValueSpecification","valueRequired":true,"valueName":"search_term_string"}}],"inLanguage":"es"},{"@type":"Organization","@id":"https:\/\/aforcam.org\/#organization","name":"AFORCAM","url":"https:\/\/aforcam.org\/","logo":{"@type":"ImageObject","inLanguage":"es","@id":"https:\/\/aforcam.org\/#\/schema\/logo\/image\/","url":"https:\/\/aforcam.org\/wp-content\/uploads\/2024\/10\/aforcam-1.webp","contentUrl":"https:\/\/aforcam.org\/wp-content\/uploads\/2024\/10\/aforcam-1.webp","width":650,"height":486,"caption":"AFORCAM"},"image":{"@id":"https:\/\/aforcam.org\/#\/schema\/logo\/image\/"},"sameAs":["https:\/\/www.linkedin.com\/company\/aforcam\/"]}]}},"_links":{"self":[{"href":"https:\/\/aforcam.org\/index.php\/wp-json\/wp\/v2\/pages\/118","targetHints":{"allow":["GET"]}}],"collection":[{"href":"https:\/\/aforcam.org\/index.php\/wp-json\/wp\/v2\/pages"}],"about":[{"href":"https:\/\/aforcam.org\/index.php\/wp-json\/wp\/v2\/types\/page"}],"author":[{"embeddable":true,"href":"https:\/\/aforcam.org\/index.php\/wp-json\/wp\/v2\/users\/1"}],"replies":[{"embeddable":true,"href":"https:\/\/aforcam.org\/index.php\/wp-json\/wp\/v2\/comments?post=118"}],"version-history":[{"count":67,"href":"https:\/\/aforcam.org\/index.php\/wp-json\/wp\/v2\/pages\/118\/revisions"}],"predecessor-version":[{"id":1769,"href":"https:\/\/aforcam.org\/index.php\/wp-json\/wp\/v2\/pages\/118\/revisions\/1769"}],"wp:featuredmedia":[{"embeddable":true,"href":"https:\/\/aforcam.org\/index.php\/wp-json\/wp\/v2\/media\/1650"}],"wp:attachment":[{"href":"https:\/\/aforcam.org\/index.php\/wp-json\/wp\/v2\/media?parent=118"}],"curies":[{"name":"wp","href":"https:\/\/api.w.org\/{rel}","templated":true}]}}